{"id":8594,"date":"2026-04-04T13:36:10","date_gmt":"2026-04-04T10:36:10","guid":{"rendered":"https:\/\/www.hibsan.com.tr\/product\/akilli-tv-basligi\/"},"modified":"2026-04-04T14:41:05","modified_gmt":"2026-04-04T11:41:05","slug":"akilli-tv-basligi","status":"publish","type":"product","link":"https:\/\/www.hibsan.com.tr\/tr\/urun\/akilli-tv-basligi\/","title":{"rendered":"Ak\u0131ll\u0131 TV Ba\u015fl\u0131\u011f\u0131"},"content":{"rendered":"","protected":false},"excerpt":{"rendered":"<h3>Ak\u0131ll\u0131 TV Ba\u015fl\u0131\u011f\u0131<\/h3>\n<p><strong><span style=\"color: #ffdd30;\">&gt; <\/span><span style=\"color: #000000;\">Ana \u00d6zellikler<\/span><\/strong><\/p>\n<ul>\n<li>Boyut: 60 CM<\/li>\n<li>Montaj: Duvar Tipi<\/li>\n<li>Kontrol: Ekranl\u0131 Dokunmatik + Uzaktan Kumanda<\/li>\n<li>H\u0131z: 5<\/li>\n<li>Ayd\u0131nlatma : 2x2W LED Spot<\/li>\n<li>Filtre : Al\u00fcminyum (Bula\u015f\u0131k Makinesinde Y\u0131kanabilir)<\/li>\n<li>Karbon Filtre: Nano<\/li>\n<li>Piston Mente\u015fe: Evet<\/li>\n<li>TV A\u00e7\u0131s\u0131: Ayarlanabilir<\/li>\n<li>TV \u00d6zelli\u011fi : 24 in\u00e7 TV Al\u0131c\u0131l\u0131 (USB, HDMI)<\/li>\n<li>Baca: Ayarlanabilir &amp; \u00c7ift (35+35 cm)<\/li>\n<li>Filtre Doluluk G\u00f6stergesi: Evet<\/li>\n<li>Zamanlay\u0131c\u0131: 15 Dakika<\/li>\n<li>G\u00fcr\u00fclt\u00fc Seviyesi: min 33 dB &#8211; maks 66 dB<\/li>\n<li>Hava Ak\u0131\u015f Kapasitesi (Serbest Ak\u0131\u015f): 962-986 m\u00b3\/sa<\/li>\n<li>Motor: Radyal Sessiz Motor &#8211; 265 W<\/li>\n<li>Enerji S\u0131n\u0131f\u0131: A<\/li>\n<\/ul>\n<p><strong><span style=\"color: #ffdd30;\">&gt; <\/span><span style=\"color: #000000;\">Optinoal \u00d6zellikler<\/span><\/strong><\/p>\n<ul>\n<li>90 cm<\/li>\n<\/ul>\n","protected":false},"featured_media":7233,"comment_status":"closed","ping_status":"closed","template":"","meta":[],"product_brand":[],"product_cat":[216,204],"product_tag":[205],"class_list":{"0":"post-8594","1":"product","2":"type-product","3":"status-publish","4":"has-post-thumbnail","6":"product_cat-ozel-seri","7":"product_cat-urunler-2","8":"product_tag-ocak-davlumbazi","10":"first","11":"instock","12":"shipping-taxable","13":"product-type-simple"},"yoast_head":"<!-- This site is optimized with the Yoast SEO plugin v27.3 - https:\/\/yoast.com\/product\/yoast-seo-wordpress\/ -->\n<title>Ak\u0131ll\u0131 TV Ba\u015fl\u0131\u011f\u0131 - Hibsan<\/title>\n<meta name=\"robots\" content=\"index, follow, max-snippet:-1, max-image-preview:large, max-video-preview:-1\" \/>\n<link rel=\"canonical\" href=\"https:\/\/www.hibsan.com.tr\/tr\/?post_type=product&p=8594\" \/>\n<meta property=\"og:locale\" content=\"tr_TR\" \/>\n<meta property=\"og:type\" content=\"article\" \/>\n<meta property=\"og:title\" content=\"Ak\u0131ll\u0131 TV Ba\u015fl\u0131\u011f\u0131 - Hibsan\" \/>\n<meta property=\"og:description\" content=\"Ak\u0131ll\u0131 TV Ba\u015fl\u0131\u011f\u0131 &gt; Ana \u00d6zellikler  Boyut: 60 CM  Montaj: Duvar Tipi  Kontrol: Ekranl\u0131 Dokunmatik + Uzaktan Kumanda  H\u0131z: 5  Ayd\u0131nlatma : 2x2W LED Spot  Filtre : Al\u00fcminyum (Bula\u015f\u0131k Makinesinde Y\u0131kanabilir)  Karbon Filtre: Nano  Piston Mente\u015fe: Evet  TV A\u00e7\u0131s\u0131: Ayarlanabilir  TV \u00d6zelli\u011fi : 24 in\u00e7 TV Al\u0131c\u0131l\u0131 (USB, HDMI)  Baca: Ayarlanabilir &amp; \u00c7ift (35+35 cm)  Filtre Doluluk G\u00f6stergesi: Evet  Zamanlay\u0131c\u0131: 15 Dakika  G\u00fcr\u00fclt\u00fc Seviyesi: min 33 dB - maks 66 dB  Hava Ak\u0131\u015f Kapasitesi (Serbest Ak\u0131\u015f): 962-986 m\u00b3\/sa  Motor: Radyal Sessiz Motor - 265 W  Enerji S\u0131n\u0131f\u0131: A &gt; Optinoal \u00d6zellikler  90 cm\" \/>\n<meta property=\"og:url\" content=\"https:\/\/www.hibsan.com.tr\/tr\/?post_type=product&amp;p=8594\" \/>\n<meta property=\"og:site_name\" content=\"Hibsan\" \/>\n<meta property=\"article:modified_time\" content=\"2026-04-04T11:41:05+00:00\" \/>\n<meta property=\"og:image\" content=\"https:\/\/www.hibsan.com.tr\/wp-content\/uploads\/2024\/08\/tvsmart.jpg\" \/>\n\t<meta property=\"og:image:width\" content=\"1000\" \/>\n\t<meta property=\"og:image:height\" content=\"1000\" \/>\n\t<meta property=\"og:image:type\" content=\"image\/jpeg\" \/>\n<meta name=\"twitter:card\" content=\"summary_large_image\" \/>\n<script type=\"application\/ld+json\" class=\"yoast-schema-graph\">{\"@context\":\"https:\\\/\\\/schema.org\",\"@graph\":[{\"@type\":\"WebPage\",\"@id\":\"https:\\\/\\\/www.hibsan.com.tr\\\/tr\\\/?post_type=product&p=8594\",\"url\":\"https:\\\/\\\/www.hibsan.com.tr\\\/tr\\\/?post_type=product&p=8594\",\"name\":\"Ak\u0131ll\u0131 TV Ba\u015fl\u0131\u011f\u0131 - Hibsan\",\"isPartOf\":{\"@id\":\"https:\\\/\\\/www.hibsan.com.tr\\\/#website\"},\"primaryImageOfPage\":{\"@id\":\"https:\\\/\\\/www.hibsan.com.tr\\\/tr\\\/?post_type=product&p=8594#primaryimage\"},\"image\":{\"@id\":\"https:\\\/\\\/www.hibsan.com.tr\\\/tr\\\/?post_type=product&p=8594#primaryimage\"},\"thumbnailUrl\":\"https:\\\/\\\/www.hibsan.com.tr\\\/wp-content\\\/uploads\\\/2024\\\/08\\\/tvsmart.jpg\",\"datePublished\":\"2026-04-04T10:36:10+00:00\",\"dateModified\":\"2026-04-04T11:41:05+00:00\",\"breadcrumb\":{\"@id\":\"https:\\\/\\\/www.hibsan.com.tr\\\/tr\\\/?post_type=product&p=8594#breadcrumb\"},\"inLanguage\":\"tr\",\"potentialAction\":[{\"@type\":\"ReadAction\",\"target\":[\"https:\\\/\\\/www.hibsan.com.tr\\\/tr\\\/?post_type=product&p=8594\"]}]},{\"@type\":\"ImageObject\",\"inLanguage\":\"tr\",\"@id\":\"https:\\\/\\\/www.hibsan.com.tr\\\/tr\\\/?post_type=product&p=8594#primaryimage\",\"url\":\"https:\\\/\\\/www.hibsan.com.tr\\\/wp-content\\\/uploads\\\/2024\\\/08\\\/tvsmart.jpg\",\"contentUrl\":\"https:\\\/\\\/www.hibsan.com.tr\\\/wp-content\\\/uploads\\\/2024\\\/08\\\/tvsmart.jpg\",\"width\":1000,\"height\":1000},{\"@type\":\"BreadcrumbList\",\"@id\":\"https:\\\/\\\/www.hibsan.com.tr\\\/tr\\\/?post_type=product&p=8594#breadcrumb\",\"itemListElement\":[{\"@type\":\"ListItem\",\"position\":1,\"name\":\"Home\",\"item\":\"https:\\\/\\\/www.hibsan.com.tr\\\/tr\\\/\"},{\"@type\":\"ListItem\",\"position\":2,\"name\":\"Ma\u011faza\",\"item\":\"https:\\\/\\\/www.hibsan.com.tr\\\/tr\\\/magaza\\\/\"},{\"@type\":\"ListItem\",\"position\":3,\"name\":\"Ak\u0131ll\u0131 TV Ba\u015fl\u0131\u011f\u0131\"}]},{\"@type\":\"WebSite\",\"@id\":\"https:\\\/\\\/www.hibsan.com.tr\\\/#website\",\"url\":\"https:\\\/\\\/www.hibsan.com.tr\\\/\",\"name\":\"Hibsan\",\"description\":\"producing for World&#039;s top brands.\",\"publisher\":{\"@id\":\"https:\\\/\\\/www.hibsan.com.tr\\\/#organization\"},\"potentialAction\":[{\"@type\":\"SearchAction\",\"target\":{\"@type\":\"EntryPoint\",\"urlTemplate\":\"https:\\\/\\\/www.hibsan.com.tr\\\/?s={search_term_string}\"},\"query-input\":{\"@type\":\"PropertyValueSpecification\",\"valueRequired\":true,\"valueName\":\"search_term_string\"}}],\"inLanguage\":\"tr\"},{\"@type\":\"Organization\",\"@id\":\"https:\\\/\\\/www.hibsan.com.tr\\\/#organization\",\"name\":\"Hibsan\",\"url\":\"https:\\\/\\\/www.hibsan.com.tr\\\/\",\"logo\":{\"@type\":\"ImageObject\",\"inLanguage\":\"tr\",\"@id\":\"https:\\\/\\\/www.hibsan.com.tr\\\/#\\\/schema\\\/logo\\\/image\\\/\",\"url\":\"https:\\\/\\\/www.hibsan.com.tr\\\/wp-content\\\/uploads\\\/2022\\\/09\\\/logo.svg\",\"contentUrl\":\"https:\\\/\\\/www.hibsan.com.tr\\\/wp-content\\\/uploads\\\/2022\\\/09\\\/logo.svg\",\"width\":363,\"height\":107,\"caption\":\"Hibsan\"},\"image\":{\"@id\":\"https:\\\/\\\/www.hibsan.com.tr\\\/#\\\/schema\\\/logo\\\/image\\\/\"}}]}<\/script>\n<!-- \/ Yoast SEO plugin. -->","yoast_head_json":{"title":"Ak\u0131ll\u0131 TV Ba\u015fl\u0131\u011f\u0131 - Hibsan","robots":{"index":"index","follow":"follow","max-snippet":"max-snippet:-1","max-image-preview":"max-image-preview:large","max-video-preview":"max-video-preview:-1"},"canonical":"https:\/\/www.hibsan.com.tr\/tr\/?post_type=product&p=8594","og_locale":"tr_TR","og_type":"article","og_title":"Ak\u0131ll\u0131 TV Ba\u015fl\u0131\u011f\u0131 - Hibsan","og_description":"Ak\u0131ll\u0131 TV Ba\u015fl\u0131\u011f\u0131 &gt; Ana \u00d6zellikler  Boyut: 60 CM  Montaj: Duvar Tipi  Kontrol: Ekranl\u0131 Dokunmatik + Uzaktan Kumanda  H\u0131z: 5  Ayd\u0131nlatma : 2x2W LED Spot  Filtre : Al\u00fcminyum (Bula\u015f\u0131k Makinesinde Y\u0131kanabilir)  Karbon Filtre: Nano  Piston Mente\u015fe: Evet  TV A\u00e7\u0131s\u0131: Ayarlanabilir  TV \u00d6zelli\u011fi : 24 in\u00e7 TV Al\u0131c\u0131l\u0131 (USB, HDMI)  Baca: Ayarlanabilir &amp; \u00c7ift (35+35 cm)  Filtre Doluluk G\u00f6stergesi: Evet  Zamanlay\u0131c\u0131: 15 Dakika  G\u00fcr\u00fclt\u00fc Seviyesi: min 33 dB - maks 66 dB  Hava Ak\u0131\u015f Kapasitesi (Serbest Ak\u0131\u015f): 962-986 m\u00b3\/sa  Motor: Radyal Sessiz Motor - 265 W  Enerji S\u0131n\u0131f\u0131: A &gt; Optinoal \u00d6zellikler  90 cm","og_url":"https:\/\/www.hibsan.com.tr\/tr\/?post_type=product&p=8594","og_site_name":"Hibsan","article_modified_time":"2026-04-04T11:41:05+00:00","og_image":[{"width":1000,"height":1000,"url":"https:\/\/www.hibsan.com.tr\/wp-content\/uploads\/2024\/08\/tvsmart.jpg","type":"image\/jpeg"}],"twitter_card":"summary_large_image","schema":{"@context":"https:\/\/schema.org","@graph":[{"@type":"WebPage","@id":"https:\/\/www.hibsan.com.tr\/tr\/?post_type=product&p=8594","url":"https:\/\/www.hibsan.com.tr\/tr\/?post_type=product&p=8594","name":"Ak\u0131ll\u0131 TV Ba\u015fl\u0131\u011f\u0131 - Hibsan","isPartOf":{"@id":"https:\/\/www.hibsan.com.tr\/#website"},"primaryImageOfPage":{"@id":"https:\/\/www.hibsan.com.tr\/tr\/?post_type=product&p=8594#primaryimage"},"image":{"@id":"https:\/\/www.hibsan.com.tr\/tr\/?post_type=product&p=8594#primaryimage"},"thumbnailUrl":"https:\/\/www.hibsan.com.tr\/wp-content\/uploads\/2024\/08\/tvsmart.jpg","datePublished":"2026-04-04T10:36:10+00:00","dateModified":"2026-04-04T11:41:05+00:00","breadcrumb":{"@id":"https:\/\/www.hibsan.com.tr\/tr\/?post_type=product&p=8594#breadcrumb"},"inLanguage":"tr","potentialAction":[{"@type":"ReadAction","target":["https:\/\/www.hibsan.com.tr\/tr\/?post_type=product&p=8594"]}]},{"@type":"ImageObject","inLanguage":"tr","@id":"https:\/\/www.hibsan.com.tr\/tr\/?post_type=product&p=8594#primaryimage","url":"https:\/\/www.hibsan.com.tr\/wp-content\/uploads\/2024\/08\/tvsmart.jpg","contentUrl":"https:\/\/www.hibsan.com.tr\/wp-content\/uploads\/2024\/08\/tvsmart.jpg","width":1000,"height":1000},{"@type":"BreadcrumbList","@id":"https:\/\/www.hibsan.com.tr\/tr\/?post_type=product&p=8594#breadcrumb","itemListElement":[{"@type":"ListItem","position":1,"name":"Home","item":"https:\/\/www.hibsan.com.tr\/tr\/"},{"@type":"ListItem","position":2,"name":"Ma\u011faza","item":"https:\/\/www.hibsan.com.tr\/tr\/magaza\/"},{"@type":"ListItem","position":3,"name":"Ak\u0131ll\u0131 TV Ba\u015fl\u0131\u011f\u0131"}]},{"@type":"WebSite","@id":"https:\/\/www.hibsan.com.tr\/#website","url":"https:\/\/www.hibsan.com.tr\/","name":"Hibsan","description":"producing for World&#039;s top brands.","publisher":{"@id":"https:\/\/www.hibsan.com.tr\/#organization"},"potentialAction":[{"@type":"SearchAction","target":{"@type":"EntryPoint","urlTemplate":"https:\/\/www.hibsan.com.tr\/?s={search_term_string}"},"query-input":{"@type":"PropertyValueSpecification","valueRequired":true,"valueName":"search_term_string"}}],"inLanguage":"tr"},{"@type":"Organization","@id":"https:\/\/www.hibsan.com.tr\/#organization","name":"Hibsan","url":"https:\/\/www.hibsan.com.tr\/","logo":{"@type":"ImageObject","inLanguage":"tr","@id":"https:\/\/www.hibsan.com.tr\/#\/schema\/logo\/image\/","url":"https:\/\/www.hibsan.com.tr\/wp-content\/uploads\/2022\/09\/logo.svg","contentUrl":"https:\/\/www.hibsan.com.tr\/wp-content\/uploads\/2022\/09\/logo.svg","width":363,"height":107,"caption":"Hibsan"},"image":{"@id":"https:\/\/www.hibsan.com.tr\/#\/schema\/logo\/image\/"}}]}},"_links":{"self":[{"href":"https:\/\/www.hibsan.com.tr\/tr\/wp-json\/wp\/v2\/product\/8594","targetHints":{"allow":["GET"]}}],"collection":[{"href":"https:\/\/www.hibsan.com.tr\/tr\/wp-json\/wp\/v2\/product"}],"about":[{"href":"https:\/\/www.hibsan.com.tr\/tr\/wp-json\/wp\/v2\/types\/product"}],"replies":[{"embeddable":true,"href":"https:\/\/www.hibsan.com.tr\/tr\/wp-json\/wp\/v2\/comments?post=8594"}],"version-history":[{"count":1,"href":"https:\/\/www.hibsan.com.tr\/tr\/wp-json\/wp\/v2\/product\/8594\/revisions"}],"predecessor-version":[{"id":8595,"href":"https:\/\/www.hibsan.com.tr\/tr\/wp-json\/wp\/v2\/product\/8594\/revisions\/8595"}],"wp:featuredmedia":[{"embeddable":true,"href":"https:\/\/www.hibsan.com.tr\/tr\/wp-json\/wp\/v2\/media\/7233"}],"wp:attachment":[{"href":"https:\/\/www.hibsan.com.tr\/tr\/wp-json\/wp\/v2\/media?parent=8594"}],"wp:term":[{"taxonomy":"product_brand","embeddable":true,"href":"https:\/\/www.hibsan.com.tr\/tr\/wp-json\/wp\/v2\/product_brand?post=8594"},{"taxonomy":"product_cat","embeddable":true,"href":"https:\/\/www.hibsan.com.tr\/tr\/wp-json\/wp\/v2\/product_cat?post=8594"},{"taxonomy":"product_tag","embeddable":true,"href":"https:\/\/www.hibsan.com.tr\/tr\/wp-json\/wp\/v2\/product_tag?post=8594"}],"curies":[{"name":"wp","href":"https:\/\/api.w.org\/{rel}","templated":true}]}}