{"id":8568,"date":"2026-04-04T13:35:42","date_gmt":"2026-04-04T10:35:42","guid":{"rendered":"https:\/\/www.hibsan.com.tr\/product\/tactus\/"},"modified":"2026-04-04T14:39:35","modified_gmt":"2026-04-04T11:39:35","slug":"tactus","status":"publish","type":"product","link":"https:\/\/www.hibsan.com.tr\/tr\/urun\/tactus\/","title":{"rendered":"Tactus"},"content":{"rendered":"","protected":false},"excerpt":{"rendered":"<h3><img decoding=\"async\" class=\"alignleft wp-image-7542\" src=\"https:\/\/proff.com.tr\/wp-content\/uploads\/2022\/07\/yellow-line.svg\" alt=\"\" width=\"80\"><\/h3>\n<h3>6064<\/h3>\n<p><strong><span style=\"color: #ffdd30;\">&gt; <\/span><span style=\"color: #000000;\">Ana \u00d6zellikler<\/span><\/strong><\/p>\n<ul>\n<li>Boyut: 60 CM<\/li>\n<li>Kurulum: G\u00f6mme<\/li>\n<li>Kontrol: Basmal\u0131 Anahtar<\/li>\n<li>H\u0131z: 3<\/li>\n<li>Ayd\u0131nlatma: 1x2W LED Do\u011frusal<\/li>\n<li>Filtre: Al\u00fcminyum (Bula\u015f\u0131k Makinesinde Y\u0131kanabilir)<\/li>\n<li>Hava \u00c7\u0131k\u0131\u015f\u0131: 120 mm<\/li>\n<li>G\u00fcr\u00fclt\u00fc Seviyesi: min 53dB &#8211; maks 63dB<\/li>\n<li>Hava Debisi (DIN EN 61591): min. 125 m\u00b3\/sa &#8211; maks. 280 m\u00b3\/sa<\/li>\n<li>Hava Ak\u0131\u015f Kapasitesi (Serbest Ak\u0131\u015f): 400 m\u00b3\/saat<\/li>\n<li>Motor: 110 Watt \u00dcfleyici Tipi<\/li>\n<li>Enerji S\u0131n\u0131f\u0131: D<\/li>\n<\/ul>\n<p><strong><span style=\"color: #ffdd30;\">&gt; <\/span><span style=\"color: #000000;\">Opsiyonel \u00d6zellikler<\/span><\/strong><\/p>\n<ul>\n<li>Karbon Filtre Seti<\/li>\n<li>50 CM \/ 90 CM<\/li>\n<li>2&#215;2 Watt LED Spot<\/li>\n<\/ul>\n<p><strong><span style=\"color: #ffdd30;\">&gt; <\/span><span style=\"color: #000000;\">Renk Se\u00e7enekleri<\/span><\/strong><\/p>\n<ul>\n<li>Beyaz<\/li>\n<li>Siyah Cam<\/li>\n<li>Bej<\/li>\n<li>Kahverengi<\/li>\n<li>Inox Gri<\/li>\n<li>Inox Panel<\/li>\n<\/ul>\n","protected":false},"featured_media":8206,"comment_status":"closed","ping_status":"closed","template":"","meta":[],"product_brand":[],"product_cat":[214,204],"product_tag":[205],"class_list":{"0":"post-8568","1":"product","2":"type-product","3":"status-publish","4":"has-post-thumbnail","6":"product_cat-teleskopik-davlumbazlar","7":"product_cat-urunler-2","8":"product_tag-ocak-davlumbazi","10":"first","11":"instock","12":"shipping-taxable","13":"product-type-simple"},"yoast_head":"<!-- This site is optimized with the Yoast SEO plugin v27.3 - https:\/\/yoast.com\/product\/yoast-seo-wordpress\/ -->\n<title>Tactus - Hibsan<\/title>\n<meta name=\"robots\" content=\"index, follow, max-snippet:-1, max-image-preview:large, max-video-preview:-1\" \/>\n<link rel=\"canonical\" href=\"https:\/\/www.hibsan.com.tr\/tr\/?post_type=product&p=8568\" \/>\n<meta property=\"og:locale\" content=\"tr_TR\" \/>\n<meta property=\"og:type\" content=\"article\" \/>\n<meta property=\"og:title\" content=\"Tactus - Hibsan\" \/>\n<meta property=\"og:description\" content=\"6064 &gt; Ana \u00d6zellikler  Boyut: 60 CM  Kurulum: G\u00f6mme  Kontrol: Basmal\u0131 Anahtar  H\u0131z: 3  Ayd\u0131nlatma: 1x2W LED Do\u011frusal  Filtre: Al\u00fcminyum (Bula\u015f\u0131k Makinesinde Y\u0131kanabilir)  Hava \u00c7\u0131k\u0131\u015f\u0131: 120 mm  G\u00fcr\u00fclt\u00fc Seviyesi: min 53dB - maks 63dB  Hava Debisi (DIN EN 61591): min. 125 m\u00b3\/sa - maks. 280 m\u00b3\/sa  Hava Ak\u0131\u015f Kapasitesi (Serbest Ak\u0131\u015f): 400 m\u00b3\/saat  Motor: 110 Watt \u00dcfleyici Tipi  Enerji S\u0131n\u0131f\u0131: D &gt; Opsiyonel \u00d6zellikler  Karbon Filtre Seti  50 CM \/ 90 CM  2x2 Watt LED Spot &gt; Renk Se\u00e7enekleri  Beyaz  Siyah Cam  Bej  Kahverengi  Inox Gri  Inox Panel\" \/>\n<meta property=\"og:url\" content=\"https:\/\/www.hibsan.com.tr\/tr\/?post_type=product&amp;p=8568\" \/>\n<meta property=\"og:site_name\" content=\"Hibsan\" \/>\n<meta property=\"article:modified_time\" content=\"2026-04-04T11:39:35+00:00\" \/>\n<meta property=\"og:image\" content=\"https:\/\/www.hibsan.com.tr\/wp-content\/uploads\/2026\/04\/Tactus-1-1.jpg\" \/>\n\t<meta property=\"og:image:width\" content=\"1000\" \/>\n\t<meta property=\"og:image:height\" content=\"1000\" \/>\n\t<meta property=\"og:image:type\" content=\"image\/jpeg\" \/>\n<meta name=\"twitter:card\" content=\"summary_large_image\" \/>\n<script type=\"application\/ld+json\" class=\"yoast-schema-graph\">{\"@context\":\"https:\\\/\\\/schema.org\",\"@graph\":[{\"@type\":\"WebPage\",\"@id\":\"https:\\\/\\\/www.hibsan.com.tr\\\/tr\\\/?post_type=product&p=8568\",\"url\":\"https:\\\/\\\/www.hibsan.com.tr\\\/tr\\\/?post_type=product&p=8568\",\"name\":\"Tactus - Hibsan\",\"isPartOf\":{\"@id\":\"https:\\\/\\\/www.hibsan.com.tr\\\/#website\"},\"primaryImageOfPage\":{\"@id\":\"https:\\\/\\\/www.hibsan.com.tr\\\/tr\\\/?post_type=product&p=8568#primaryimage\"},\"image\":{\"@id\":\"https:\\\/\\\/www.hibsan.com.tr\\\/tr\\\/?post_type=product&p=8568#primaryimage\"},\"thumbnailUrl\":\"https:\\\/\\\/www.hibsan.com.tr\\\/wp-content\\\/uploads\\\/2026\\\/04\\\/Tactus-1-1.jpg\",\"datePublished\":\"2026-04-04T10:35:42+00:00\",\"dateModified\":\"2026-04-04T11:39:35+00:00\",\"breadcrumb\":{\"@id\":\"https:\\\/\\\/www.hibsan.com.tr\\\/tr\\\/?post_type=product&p=8568#breadcrumb\"},\"inLanguage\":\"tr\",\"potentialAction\":[{\"@type\":\"ReadAction\",\"target\":[\"https:\\\/\\\/www.hibsan.com.tr\\\/tr\\\/?post_type=product&p=8568\"]}]},{\"@type\":\"ImageObject\",\"inLanguage\":\"tr\",\"@id\":\"https:\\\/\\\/www.hibsan.com.tr\\\/tr\\\/?post_type=product&p=8568#primaryimage\",\"url\":\"https:\\\/\\\/www.hibsan.com.tr\\\/wp-content\\\/uploads\\\/2026\\\/04\\\/Tactus-1-1.jpg\",\"contentUrl\":\"https:\\\/\\\/www.hibsan.com.tr\\\/wp-content\\\/uploads\\\/2026\\\/04\\\/Tactus-1-1.jpg\",\"width\":1000,\"height\":1000},{\"@type\":\"BreadcrumbList\",\"@id\":\"https:\\\/\\\/www.hibsan.com.tr\\\/tr\\\/?post_type=product&p=8568#breadcrumb\",\"itemListElement\":[{\"@type\":\"ListItem\",\"position\":1,\"name\":\"Home\",\"item\":\"https:\\\/\\\/www.hibsan.com.tr\\\/tr\\\/ana-sayfa\\\/\"},{\"@type\":\"ListItem\",\"position\":2,\"name\":\"Ma\u011faza\",\"item\":\"https:\\\/\\\/www.hibsan.com.tr\\\/tr\\\/magaza\\\/\"},{\"@type\":\"ListItem\",\"position\":3,\"name\":\"Tactus\"}]},{\"@type\":\"WebSite\",\"@id\":\"https:\\\/\\\/www.hibsan.com.tr\\\/#website\",\"url\":\"https:\\\/\\\/www.hibsan.com.tr\\\/\",\"name\":\"Hibsan\",\"description\":\"producing for World&#039;s top brands.\",\"publisher\":{\"@id\":\"https:\\\/\\\/www.hibsan.com.tr\\\/#organization\"},\"potentialAction\":[{\"@type\":\"SearchAction\",\"target\":{\"@type\":\"EntryPoint\",\"urlTemplate\":\"https:\\\/\\\/www.hibsan.com.tr\\\/?s={search_term_string}\"},\"query-input\":{\"@type\":\"PropertyValueSpecification\",\"valueRequired\":true,\"valueName\":\"search_term_string\"}}],\"inLanguage\":\"tr\"},{\"@type\":\"Organization\",\"@id\":\"https:\\\/\\\/www.hibsan.com.tr\\\/#organization\",\"name\":\"Hibsan\",\"url\":\"https:\\\/\\\/www.hibsan.com.tr\\\/\",\"logo\":{\"@type\":\"ImageObject\",\"inLanguage\":\"tr\",\"@id\":\"https:\\\/\\\/www.hibsan.com.tr\\\/#\\\/schema\\\/logo\\\/image\\\/\",\"url\":\"https:\\\/\\\/www.hibsan.com.tr\\\/wp-content\\\/uploads\\\/2022\\\/09\\\/logo.svg\",\"contentUrl\":\"https:\\\/\\\/www.hibsan.com.tr\\\/wp-content\\\/uploads\\\/2022\\\/09\\\/logo.svg\",\"width\":363,\"height\":107,\"caption\":\"Hibsan\"},\"image\":{\"@id\":\"https:\\\/\\\/www.hibsan.com.tr\\\/#\\\/schema\\\/logo\\\/image\\\/\"}}]}<\/script>\n<!-- \/ Yoast SEO plugin. -->","yoast_head_json":{"title":"Tactus - Hibsan","robots":{"index":"index","follow":"follow","max-snippet":"max-snippet:-1","max-image-preview":"max-image-preview:large","max-video-preview":"max-video-preview:-1"},"canonical":"https:\/\/www.hibsan.com.tr\/tr\/?post_type=product&p=8568","og_locale":"tr_TR","og_type":"article","og_title":"Tactus - Hibsan","og_description":"6064 &gt; Ana \u00d6zellikler  Boyut: 60 CM  Kurulum: G\u00f6mme  Kontrol: Basmal\u0131 Anahtar  H\u0131z: 3  Ayd\u0131nlatma: 1x2W LED Do\u011frusal  Filtre: Al\u00fcminyum (Bula\u015f\u0131k Makinesinde Y\u0131kanabilir)  Hava \u00c7\u0131k\u0131\u015f\u0131: 120 mm  G\u00fcr\u00fclt\u00fc Seviyesi: min 53dB - maks 63dB  Hava Debisi (DIN EN 61591): min. 125 m\u00b3\/sa - maks. 280 m\u00b3\/sa  Hava Ak\u0131\u015f Kapasitesi (Serbest Ak\u0131\u015f): 400 m\u00b3\/saat  Motor: 110 Watt \u00dcfleyici Tipi  Enerji S\u0131n\u0131f\u0131: D &gt; Opsiyonel \u00d6zellikler  Karbon Filtre Seti  50 CM \/ 90 CM  2x2 Watt LED Spot &gt; Renk Se\u00e7enekleri  Beyaz  Siyah Cam  Bej  Kahverengi  Inox Gri  Inox Panel","og_url":"https:\/\/www.hibsan.com.tr\/tr\/?post_type=product&p=8568","og_site_name":"Hibsan","article_modified_time":"2026-04-04T11:39:35+00:00","og_image":[{"width":1000,"height":1000,"url":"https:\/\/www.hibsan.com.tr\/wp-content\/uploads\/2026\/04\/Tactus-1-1.jpg","type":"image\/jpeg"}],"twitter_card":"summary_large_image","schema":{"@context":"https:\/\/schema.org","@graph":[{"@type":"WebPage","@id":"https:\/\/www.hibsan.com.tr\/tr\/?post_type=product&p=8568","url":"https:\/\/www.hibsan.com.tr\/tr\/?post_type=product&p=8568","name":"Tactus - Hibsan","isPartOf":{"@id":"https:\/\/www.hibsan.com.tr\/#website"},"primaryImageOfPage":{"@id":"https:\/\/www.hibsan.com.tr\/tr\/?post_type=product&p=8568#primaryimage"},"image":{"@id":"https:\/\/www.hibsan.com.tr\/tr\/?post_type=product&p=8568#primaryimage"},"thumbnailUrl":"https:\/\/www.hibsan.com.tr\/wp-content\/uploads\/2026\/04\/Tactus-1-1.jpg","datePublished":"2026-04-04T10:35:42+00:00","dateModified":"2026-04-04T11:39:35+00:00","breadcrumb":{"@id":"https:\/\/www.hibsan.com.tr\/tr\/?post_type=product&p=8568#breadcrumb"},"inLanguage":"tr","potentialAction":[{"@type":"ReadAction","target":["https:\/\/www.hibsan.com.tr\/tr\/?post_type=product&p=8568"]}]},{"@type":"ImageObject","inLanguage":"tr","@id":"https:\/\/www.hibsan.com.tr\/tr\/?post_type=product&p=8568#primaryimage","url":"https:\/\/www.hibsan.com.tr\/wp-content\/uploads\/2026\/04\/Tactus-1-1.jpg","contentUrl":"https:\/\/www.hibsan.com.tr\/wp-content\/uploads\/2026\/04\/Tactus-1-1.jpg","width":1000,"height":1000},{"@type":"BreadcrumbList","@id":"https:\/\/www.hibsan.com.tr\/tr\/?post_type=product&p=8568#breadcrumb","itemListElement":[{"@type":"ListItem","position":1,"name":"Home","item":"https:\/\/www.hibsan.com.tr\/tr\/ana-sayfa\/"},{"@type":"ListItem","position":2,"name":"Ma\u011faza","item":"https:\/\/www.hibsan.com.tr\/tr\/magaza\/"},{"@type":"ListItem","position":3,"name":"Tactus"}]},{"@type":"WebSite","@id":"https:\/\/www.hibsan.com.tr\/#website","url":"https:\/\/www.hibsan.com.tr\/","name":"Hibsan","description":"producing for World&#039;s top brands.","publisher":{"@id":"https:\/\/www.hibsan.com.tr\/#organization"},"potentialAction":[{"@type":"SearchAction","target":{"@type":"EntryPoint","urlTemplate":"https:\/\/www.hibsan.com.tr\/?s={search_term_string}"},"query-input":{"@type":"PropertyValueSpecification","valueRequired":true,"valueName":"search_term_string"}}],"inLanguage":"tr"},{"@type":"Organization","@id":"https:\/\/www.hibsan.com.tr\/#organization","name":"Hibsan","url":"https:\/\/www.hibsan.com.tr\/","logo":{"@type":"ImageObject","inLanguage":"tr","@id":"https:\/\/www.hibsan.com.tr\/#\/schema\/logo\/image\/","url":"https:\/\/www.hibsan.com.tr\/wp-content\/uploads\/2022\/09\/logo.svg","contentUrl":"https:\/\/www.hibsan.com.tr\/wp-content\/uploads\/2022\/09\/logo.svg","width":363,"height":107,"caption":"Hibsan"},"image":{"@id":"https:\/\/www.hibsan.com.tr\/#\/schema\/logo\/image\/"}}]}},"_links":{"self":[{"href":"https:\/\/www.hibsan.com.tr\/tr\/wp-json\/wp\/v2\/product\/8568","targetHints":{"allow":["GET"]}}],"collection":[{"href":"https:\/\/www.hibsan.com.tr\/tr\/wp-json\/wp\/v2\/product"}],"about":[{"href":"https:\/\/www.hibsan.com.tr\/tr\/wp-json\/wp\/v2\/types\/product"}],"replies":[{"embeddable":true,"href":"https:\/\/www.hibsan.com.tr\/tr\/wp-json\/wp\/v2\/comments?post=8568"}],"version-history":[{"count":1,"href":"https:\/\/www.hibsan.com.tr\/tr\/wp-json\/wp\/v2\/product\/8568\/revisions"}],"predecessor-version":[{"id":8569,"href":"https:\/\/www.hibsan.com.tr\/tr\/wp-json\/wp\/v2\/product\/8568\/revisions\/8569"}],"wp:featuredmedia":[{"embeddable":true,"href":"https:\/\/www.hibsan.com.tr\/tr\/wp-json\/wp\/v2\/media\/8206"}],"wp:attachment":[{"href":"https:\/\/www.hibsan.com.tr\/tr\/wp-json\/wp\/v2\/media?parent=8568"}],"wp:term":[{"taxonomy":"product_brand","embeddable":true,"href":"https:\/\/www.hibsan.com.tr\/tr\/wp-json\/wp\/v2\/product_brand?post=8568"},{"taxonomy":"product_cat","embeddable":true,"href":"https:\/\/www.hibsan.com.tr\/tr\/wp-json\/wp\/v2\/product_cat?post=8568"},{"taxonomy":"product_tag","embeddable":true,"href":"https:\/\/www.hibsan.com.tr\/tr\/wp-json\/wp\/v2\/product_tag?post=8568"}],"curies":[{"name":"wp","href":"https:\/\/api.w.org\/{rel}","templated":true}]}}