{"id":8536,"date":"2026-04-04T13:37:01","date_gmt":"2026-04-04T10:37:01","guid":{"rendered":"https:\/\/www.hibsan.com.tr\/product\/ventosa\/"},"modified":"2026-04-04T14:38:11","modified_gmt":"2026-04-04T11:38:11","slug":"ventosa","status":"publish","type":"product","link":"https:\/\/www.hibsan.com.tr\/tr\/urun\/ventosa\/","title":{"rendered":"Ventosa"},"content":{"rendered":"","protected":false},"excerpt":{"rendered":"<h3><img decoding=\"async\" class=\"alignleft wp-image-7542\" src=\"https:\/\/proff.com.tr\/wp-content\/uploads\/2022\/07\/yellow-line.svg\" alt=\"\" width=\"80\"><\/h3>\n<p>&nbsp;<\/p>\n<h3>LHIC680X<\/h3>\n<p><strong><span style=\"color: #ffdd30;\">&gt; <\/span><span style=\"color: #000000;\">Ana \u00d6zellikler<\/span><\/strong><\/p>\n<ul>\n<li>2 Pi\u015firme Alan\u0131<\/li>\n<li>2&#8217;si 1 Arada | Entegre Davlumbaz &amp; \u0130nd\u00fcksiyonlu Ocak<\/li>\n<li>Maksimum G\u00fc\u00e7: 3565 W<\/li>\n<li>Siyah Cam<\/li>\n<li>Dokunmatik Kontrol (K\u0131rm\u0131z\u0131 Ekran)<\/li>\n<li>Dakika Sayac\u0131<\/li>\n<li>Duraklat\/Ba\u015flat<\/li>\n<li>\u00c7ocuk Kilidi<\/li>\n<li>Dahili Plazma Sistemi<\/li>\n<\/ul>\n<p><strong><span style=\"color: #ffdd30;\">&gt; <\/span><span style=\"color: #000000;\">\u0130nd\u00fcksiyonlu Ocak<\/span><\/strong><\/p>\n<ul>\n<li>Kalan Is\u0131 G\u00f6stergesi<\/li>\n<li><span class=\"Apple-converted-space\"> <\/span>220-240V \/ 50-60 Hz<\/li>\n<li>\u00d816 CM Pi\u015firme Alan\u0131 &#8211; 1200\/1500 W<\/li>\n<li>\u00d818 CM Pi\u015firme Alan\u0131 &#8211; 1800\/2200 W<\/li>\n<\/ul>\n","protected":false},"featured_media":8420,"comment_status":"closed","ping_status":"closed","template":"","meta":[],"product_brand":[],"product_cat":[216,204],"product_tag":[205],"class_list":{"0":"post-8536","1":"product","2":"type-product","3":"status-publish","4":"has-post-thumbnail","6":"product_cat-ozel-seri","7":"product_cat-urunler-2","8":"product_tag-ocak-davlumbazi","10":"first","11":"instock","12":"shipping-taxable","13":"product-type-simple"},"yoast_head":"<!-- This site is optimized with the Yoast SEO plugin v27.3 - https:\/\/yoast.com\/product\/yoast-seo-wordpress\/ -->\n<title>Ventosa - Hibsan<\/title>\n<meta name=\"robots\" content=\"index, follow, max-snippet:-1, max-image-preview:large, max-video-preview:-1\" \/>\n<link rel=\"canonical\" href=\"https:\/\/www.hibsan.com.tr\/tr\/?post_type=product&p=8536\" \/>\n<meta property=\"og:locale\" content=\"tr_TR\" \/>\n<meta property=\"og:type\" content=\"article\" \/>\n<meta property=\"og:title\" content=\"Ventosa - Hibsan\" \/>\n<meta property=\"og:description\" content=\"&nbsp; LHIC680X &gt; Ana \u00d6zellikler  2 Pi\u015firme Alan\u0131  2&#039;si 1 Arada | Entegre Davlumbaz &amp; \u0130nd\u00fcksiyonlu Ocak  Maksimum G\u00fc\u00e7: 3565 W  Siyah Cam  Dokunmatik Kontrol (K\u0131rm\u0131z\u0131 Ekran)  Dakika Sayac\u0131  Duraklat\/Ba\u015flat  \u00c7ocuk Kilidi  Dahili Plazma Sistemi &gt; \u0130nd\u00fcksiyonlu Ocak  Kalan Is\u0131 G\u00f6stergesi  220-240V \/ 50-60 Hz  \u00d816 CM Pi\u015firme Alan\u0131 - 1200\/1500 W  \u00d818 CM Pi\u015firme Alan\u0131 - 1800\/2200 W\" \/>\n<meta property=\"og:url\" content=\"https:\/\/www.hibsan.com.tr\/tr\/?post_type=product&amp;p=8536\" \/>\n<meta property=\"og:site_name\" content=\"Hibsan\" \/>\n<meta property=\"article:modified_time\" content=\"2026-04-04T11:38:11+00:00\" \/>\n<meta property=\"og:image\" content=\"https:\/\/www.hibsan.com.tr\/wp-content\/uploads\/2026\/04\/ventosa.jpg\" \/>\n\t<meta property=\"og:image:width\" content=\"1000\" \/>\n\t<meta property=\"og:image:height\" content=\"1000\" \/>\n\t<meta property=\"og:image:type\" content=\"image\/jpeg\" \/>\n<meta name=\"twitter:card\" content=\"summary_large_image\" \/>\n<script type=\"application\/ld+json\" class=\"yoast-schema-graph\">{\"@context\":\"https:\\\/\\\/schema.org\",\"@graph\":[{\"@type\":\"WebPage\",\"@id\":\"https:\\\/\\\/www.hibsan.com.tr\\\/tr\\\/?post_type=product&p=8536\",\"url\":\"https:\\\/\\\/www.hibsan.com.tr\\\/tr\\\/?post_type=product&p=8536\",\"name\":\"Ventosa - Hibsan\",\"isPartOf\":{\"@id\":\"https:\\\/\\\/www.hibsan.com.tr\\\/#website\"},\"primaryImageOfPage\":{\"@id\":\"https:\\\/\\\/www.hibsan.com.tr\\\/tr\\\/?post_type=product&p=8536#primaryimage\"},\"image\":{\"@id\":\"https:\\\/\\\/www.hibsan.com.tr\\\/tr\\\/?post_type=product&p=8536#primaryimage\"},\"thumbnailUrl\":\"https:\\\/\\\/www.hibsan.com.tr\\\/wp-content\\\/uploads\\\/2026\\\/04\\\/ventosa.jpg\",\"datePublished\":\"2026-04-04T10:37:01+00:00\",\"dateModified\":\"2026-04-04T11:38:11+00:00\",\"breadcrumb\":{\"@id\":\"https:\\\/\\\/www.hibsan.com.tr\\\/tr\\\/?post_type=product&p=8536#breadcrumb\"},\"inLanguage\":\"tr\",\"potentialAction\":[{\"@type\":\"ReadAction\",\"target\":[\"https:\\\/\\\/www.hibsan.com.tr\\\/tr\\\/?post_type=product&p=8536\"]}]},{\"@type\":\"ImageObject\",\"inLanguage\":\"tr\",\"@id\":\"https:\\\/\\\/www.hibsan.com.tr\\\/tr\\\/?post_type=product&p=8536#primaryimage\",\"url\":\"https:\\\/\\\/www.hibsan.com.tr\\\/wp-content\\\/uploads\\\/2026\\\/04\\\/ventosa.jpg\",\"contentUrl\":\"https:\\\/\\\/www.hibsan.com.tr\\\/wp-content\\\/uploads\\\/2026\\\/04\\\/ventosa.jpg\",\"width\":1000,\"height\":1000},{\"@type\":\"BreadcrumbList\",\"@id\":\"https:\\\/\\\/www.hibsan.com.tr\\\/tr\\\/?post_type=product&p=8536#breadcrumb\",\"itemListElement\":[{\"@type\":\"ListItem\",\"position\":1,\"name\":\"Home\",\"item\":\"https:\\\/\\\/www.hibsan.com.tr\\\/tr\\\/\"},{\"@type\":\"ListItem\",\"position\":2,\"name\":\"Ma\u011faza\",\"item\":\"https:\\\/\\\/www.hibsan.com.tr\\\/tr\\\/magaza\\\/\"},{\"@type\":\"ListItem\",\"position\":3,\"name\":\"Ventosa\"}]},{\"@type\":\"WebSite\",\"@id\":\"https:\\\/\\\/www.hibsan.com.tr\\\/#website\",\"url\":\"https:\\\/\\\/www.hibsan.com.tr\\\/\",\"name\":\"Hibsan\",\"description\":\"producing for World&#039;s top brands.\",\"publisher\":{\"@id\":\"https:\\\/\\\/www.hibsan.com.tr\\\/#organization\"},\"potentialAction\":[{\"@type\":\"SearchAction\",\"target\":{\"@type\":\"EntryPoint\",\"urlTemplate\":\"https:\\\/\\\/www.hibsan.com.tr\\\/?s={search_term_string}\"},\"query-input\":{\"@type\":\"PropertyValueSpecification\",\"valueRequired\":true,\"valueName\":\"search_term_string\"}}],\"inLanguage\":\"tr\"},{\"@type\":\"Organization\",\"@id\":\"https:\\\/\\\/www.hibsan.com.tr\\\/#organization\",\"name\":\"Hibsan\",\"url\":\"https:\\\/\\\/www.hibsan.com.tr\\\/\",\"logo\":{\"@type\":\"ImageObject\",\"inLanguage\":\"tr\",\"@id\":\"https:\\\/\\\/www.hibsan.com.tr\\\/#\\\/schema\\\/logo\\\/image\\\/\",\"url\":\"https:\\\/\\\/www.hibsan.com.tr\\\/wp-content\\\/uploads\\\/2022\\\/09\\\/logo.svg\",\"contentUrl\":\"https:\\\/\\\/www.hibsan.com.tr\\\/wp-content\\\/uploads\\\/2022\\\/09\\\/logo.svg\",\"width\":363,\"height\":107,\"caption\":\"Hibsan\"},\"image\":{\"@id\":\"https:\\\/\\\/www.hibsan.com.tr\\\/#\\\/schema\\\/logo\\\/image\\\/\"}}]}<\/script>\n<!-- \/ Yoast SEO plugin. -->","yoast_head_json":{"title":"Ventosa - Hibsan","robots":{"index":"index","follow":"follow","max-snippet":"max-snippet:-1","max-image-preview":"max-image-preview:large","max-video-preview":"max-video-preview:-1"},"canonical":"https:\/\/www.hibsan.com.tr\/tr\/?post_type=product&p=8536","og_locale":"tr_TR","og_type":"article","og_title":"Ventosa - Hibsan","og_description":"&nbsp; LHIC680X &gt; Ana \u00d6zellikler  2 Pi\u015firme Alan\u0131  2'si 1 Arada | Entegre Davlumbaz &amp; \u0130nd\u00fcksiyonlu Ocak  Maksimum G\u00fc\u00e7: 3565 W  Siyah Cam  Dokunmatik Kontrol (K\u0131rm\u0131z\u0131 Ekran)  Dakika Sayac\u0131  Duraklat\/Ba\u015flat  \u00c7ocuk Kilidi  Dahili Plazma Sistemi &gt; \u0130nd\u00fcksiyonlu Ocak  Kalan Is\u0131 G\u00f6stergesi  220-240V \/ 50-60 Hz  \u00d816 CM Pi\u015firme Alan\u0131 - 1200\/1500 W  \u00d818 CM Pi\u015firme Alan\u0131 - 1800\/2200 W","og_url":"https:\/\/www.hibsan.com.tr\/tr\/?post_type=product&p=8536","og_site_name":"Hibsan","article_modified_time":"2026-04-04T11:38:11+00:00","og_image":[{"width":1000,"height":1000,"url":"https:\/\/www.hibsan.com.tr\/wp-content\/uploads\/2026\/04\/ventosa.jpg","type":"image\/jpeg"}],"twitter_card":"summary_large_image","schema":{"@context":"https:\/\/schema.org","@graph":[{"@type":"WebPage","@id":"https:\/\/www.hibsan.com.tr\/tr\/?post_type=product&p=8536","url":"https:\/\/www.hibsan.com.tr\/tr\/?post_type=product&p=8536","name":"Ventosa - Hibsan","isPartOf":{"@id":"https:\/\/www.hibsan.com.tr\/#website"},"primaryImageOfPage":{"@id":"https:\/\/www.hibsan.com.tr\/tr\/?post_type=product&p=8536#primaryimage"},"image":{"@id":"https:\/\/www.hibsan.com.tr\/tr\/?post_type=product&p=8536#primaryimage"},"thumbnailUrl":"https:\/\/www.hibsan.com.tr\/wp-content\/uploads\/2026\/04\/ventosa.jpg","datePublished":"2026-04-04T10:37:01+00:00","dateModified":"2026-04-04T11:38:11+00:00","breadcrumb":{"@id":"https:\/\/www.hibsan.com.tr\/tr\/?post_type=product&p=8536#breadcrumb"},"inLanguage":"tr","potentialAction":[{"@type":"ReadAction","target":["https:\/\/www.hibsan.com.tr\/tr\/?post_type=product&p=8536"]}]},{"@type":"ImageObject","inLanguage":"tr","@id":"https:\/\/www.hibsan.com.tr\/tr\/?post_type=product&p=8536#primaryimage","url":"https:\/\/www.hibsan.com.tr\/wp-content\/uploads\/2026\/04\/ventosa.jpg","contentUrl":"https:\/\/www.hibsan.com.tr\/wp-content\/uploads\/2026\/04\/ventosa.jpg","width":1000,"height":1000},{"@type":"BreadcrumbList","@id":"https:\/\/www.hibsan.com.tr\/tr\/?post_type=product&p=8536#breadcrumb","itemListElement":[{"@type":"ListItem","position":1,"name":"Home","item":"https:\/\/www.hibsan.com.tr\/tr\/"},{"@type":"ListItem","position":2,"name":"Ma\u011faza","item":"https:\/\/www.hibsan.com.tr\/tr\/magaza\/"},{"@type":"ListItem","position":3,"name":"Ventosa"}]},{"@type":"WebSite","@id":"https:\/\/www.hibsan.com.tr\/#website","url":"https:\/\/www.hibsan.com.tr\/","name":"Hibsan","description":"producing for World&#039;s top brands.","publisher":{"@id":"https:\/\/www.hibsan.com.tr\/#organization"},"potentialAction":[{"@type":"SearchAction","target":{"@type":"EntryPoint","urlTemplate":"https:\/\/www.hibsan.com.tr\/?s={search_term_string}"},"query-input":{"@type":"PropertyValueSpecification","valueRequired":true,"valueName":"search_term_string"}}],"inLanguage":"tr"},{"@type":"Organization","@id":"https:\/\/www.hibsan.com.tr\/#organization","name":"Hibsan","url":"https:\/\/www.hibsan.com.tr\/","logo":{"@type":"ImageObject","inLanguage":"tr","@id":"https:\/\/www.hibsan.com.tr\/#\/schema\/logo\/image\/","url":"https:\/\/www.hibsan.com.tr\/wp-content\/uploads\/2022\/09\/logo.svg","contentUrl":"https:\/\/www.hibsan.com.tr\/wp-content\/uploads\/2022\/09\/logo.svg","width":363,"height":107,"caption":"Hibsan"},"image":{"@id":"https:\/\/www.hibsan.com.tr\/#\/schema\/logo\/image\/"}}]}},"_links":{"self":[{"href":"https:\/\/www.hibsan.com.tr\/tr\/wp-json\/wp\/v2\/product\/8536","targetHints":{"allow":["GET"]}}],"collection":[{"href":"https:\/\/www.hibsan.com.tr\/tr\/wp-json\/wp\/v2\/product"}],"about":[{"href":"https:\/\/www.hibsan.com.tr\/tr\/wp-json\/wp\/v2\/types\/product"}],"replies":[{"embeddable":true,"href":"https:\/\/www.hibsan.com.tr\/tr\/wp-json\/wp\/v2\/comments?post=8536"}],"version-history":[{"count":1,"href":"https:\/\/www.hibsan.com.tr\/tr\/wp-json\/wp\/v2\/product\/8536\/revisions"}],"predecessor-version":[{"id":8537,"href":"https:\/\/www.hibsan.com.tr\/tr\/wp-json\/wp\/v2\/product\/8536\/revisions\/8537"}],"wp:featuredmedia":[{"embeddable":true,"href":"https:\/\/www.hibsan.com.tr\/tr\/wp-json\/wp\/v2\/media\/8420"}],"wp:attachment":[{"href":"https:\/\/www.hibsan.com.tr\/tr\/wp-json\/wp\/v2\/media?parent=8536"}],"wp:term":[{"taxonomy":"product_brand","embeddable":true,"href":"https:\/\/www.hibsan.com.tr\/tr\/wp-json\/wp\/v2\/product_brand?post=8536"},{"taxonomy":"product_cat","embeddable":true,"href":"https:\/\/www.hibsan.com.tr\/tr\/wp-json\/wp\/v2\/product_cat?post=8536"},{"taxonomy":"product_tag","embeddable":true,"href":"https:\/\/www.hibsan.com.tr\/tr\/wp-json\/wp\/v2\/product_tag?post=8536"}],"curies":[{"name":"wp","href":"https:\/\/api.w.org\/{rel}","templated":true}]}}