{"id":8512,"date":"2026-04-04T13:36:36","date_gmt":"2026-04-04T10:36:36","guid":{"rendered":"https:\/\/www.hibsan.com.tr\/product\/tergola-s\/"},"modified":"2026-04-04T13:36:36","modified_gmt":"2026-04-04T10:36:36","slug":"tergola-s","status":"publish","type":"product","link":"https:\/\/www.hibsan.com.tr\/tr\/urun\/tergola-s\/","title":{"rendered":"Tergola S"},"content":{"rendered":"","protected":false},"excerpt":{"rendered":"<h3><img decoding=\"async\" class=\"alignleft wp-image-7542\" src=\"https:\/\/proff.com.tr\/wp-content\/uploads\/2022\/07\/yellow-line.svg\" alt=\"\" width=\"80\"><\/h3>\n<h3>LD32-03-90<\/h3>\n<p><strong><span style=\"color: #ffdd30;\">&gt; <\/span><span style=\"color: #000000;\">Ana \u00d6zellikler<\/span><\/strong><\/p>\n<ul>\n<li><strong>Boyut:<\/strong> 90 cm<\/li>\n<li><strong>Kurulum:<\/strong> Duvar Tipi<\/li>\n<li><strong>Kontrol:<\/strong> Basmal\u0131 D\u00fc\u011fme<\/li>\n<li><strong>H\u0131z:<\/strong> 3<\/li>\n<li><strong>Ayd\u0131nlatma:<\/strong> 2x2W LED Spot<\/li>\n<li><strong>Filtre:<\/strong> Al\u00fcminyum (Bula\u015f\u0131k Makinesinde Y\u0131kanabilir)<\/li>\n<li><strong>Hava \u00c7\u0131k\u0131\u015f\u0131:<\/strong> 120 mm<\/li>\n<li><strong>Baca:<\/strong> Ayarlanabilir ve \u00c7ift<\/li>\n<li><strong>G\u00fcr\u00fclt\u00fc Seviyesi:<\/strong> min 53dB &#8211; maks 63dB<\/li>\n<li><strong>Hava Ak\u0131\u015f\u0131 Kapasitesi (DIN EN 61591):<\/strong> min 125 m\u00b3\/h &#8211; maks 250 m\u00b3\/h<\/li>\n<li><strong>Hava Ak\u0131\u015f Kapasitesi (Serbest Ak\u0131\u015f):<\/strong> 400 m\u00b3\/saat<\/li>\n<li><strong>Motor:<\/strong> 110 Watt \u00dcfleyici Tipi<\/li>\n<li><strong>Enerji S\u0131n\u0131f\u0131:<\/strong> D<\/li>\n<li><strong>Paket Boyutlar\u0131 (GxDxY):<\/strong> 95x32x56 cm<\/li>\n<li><strong>Adedi:<\/strong> 50 Adet<\/li>\n<li><strong>20DC\/40HC\/Kamyon:<\/strong> 105 Adet \/ 248 Adet \/ 292 Adet<\/li>\n<\/ul>\n<p><strong><span style=\"color: #ffdd30;\">&gt; <\/span><span style=\"color: #000000;\">Opsiyonel \u00d6zellikler<\/span><\/strong><\/p>\n<ul>\n<li>Karbon Filtre Seti<\/li>\n<li>60 cm<\/li>\n<li>550 m\u00b3\/h &#8211; 140 Watt \u00dcfleyici Motor (D s\u0131n\u0131f\u0131 enerji)<\/li>\n<li>700 m\u00b3\/h &#8211; 210 Watt \u00dcfleyici Motor<br \/>\n(A s\u0131n\u0131f\u0131 enerji)<\/li>\n<li>750 m\u00b3\/h &#8211; 210 Watt \u00dcfleyici Motor<br \/>\n(B s\u0131n\u0131f\u0131 enerji)<\/li>\n<li>850 m\u00b3\/h &#8211; 200 Watt \u00dcfleyici Motor<br \/>\n(C s\u0131n\u0131f\u0131 enerji)<span class=\"Apple-converted-space\"> <\/span><\/li>\n<\/ul>\n<p><strong><span style=\"color: #ffdd30;\">&gt; <\/span><span style=\"color: #000000;\">Renk Se\u00e7enekleri<\/span><\/strong><\/p>\n<p>Siyah, Beyaz, Inox<\/p>\n<p><strong><span style=\"color: #ffdd30;\">&gt; <\/span><span style=\"color: #000000;\">Cam Renkleri<\/span><\/strong><\/p>\n<p>Siyah, Beyaz,<\/p>\n","protected":false},"featured_media":8389,"comment_status":"closed","ping_status":"closed","template":"","meta":[],"product_brand":[],"product_cat":[209,204],"product_tag":[205],"class_list":{"0":"post-8512","1":"product","2":"type-product","3":"status-publish","4":"has-post-thumbnail","6":"product_cat-t-tipi-davlumbazlar","7":"product_cat-urunler-2","8":"product_tag-ocak-davlumbazi","10":"first","11":"instock","12":"shipping-taxable","13":"product-type-simple"},"yoast_head":"<!-- This site is optimized with the Yoast SEO plugin v27.3 - https:\/\/yoast.com\/product\/yoast-seo-wordpress\/ -->\n<title>Tergola S - Hibsan<\/title>\n<meta name=\"robots\" content=\"index, follow, max-snippet:-1, max-image-preview:large, max-video-preview:-1\" \/>\n<link rel=\"canonical\" href=\"https:\/\/www.hibsan.com.tr\/product\/tergola-s\/\" \/>\n<meta property=\"og:locale\" content=\"tr_TR\" \/>\n<meta property=\"og:type\" content=\"article\" \/>\n<meta property=\"og:title\" content=\"Tergola S - Hibsan\" \/>\n<meta property=\"og:description\" content=\"LD32-03-90 &gt; Ana \u00d6zellikler  Boyut: 90 cm  Kurulum: Duvar Tipi  Kontrol: Basmal\u0131 D\u00fc\u011fme  H\u0131z: 3  Ayd\u0131nlatma: 2x2W LED Spot  Filtre: Al\u00fcminyum (Bula\u015f\u0131k Makinesinde Y\u0131kanabilir)  Hava \u00c7\u0131k\u0131\u015f\u0131: 120 mm  Baca: Ayarlanabilir ve \u00c7ift  G\u00fcr\u00fclt\u00fc Seviyesi: min 53dB - maks 63dB  Hava Ak\u0131\u015f\u0131 Kapasitesi (DIN EN 61591): min 125 m\u00b3\/h - maks 250 m\u00b3\/h  Hava Ak\u0131\u015f Kapasitesi (Serbest Ak\u0131\u015f): 400 m\u00b3\/saat  Motor: 110 Watt \u00dcfleyici Tipi  Enerji S\u0131n\u0131f\u0131: D  Paket Boyutlar\u0131 (GxDxY): 95x32x56 cm  Adedi: 50 Adet  20DC\/40HC\/Kamyon: 105 Adet \/ 248 Adet \/ 292 Adet &gt; Opsiyonel \u00d6zellikler  Karbon Filtre Seti  60 cm  550 m\u00b3\/h - 140 Watt \u00dcfleyici Motor (D s\u0131n\u0131f\u0131 enerji)  700 m\u00b3\/h - 210 Watt \u00dcfleyici Motor (A s\u0131n\u0131f\u0131 enerji)  750 m\u00b3\/h - 210 Watt \u00dcfleyici Motor (B s\u0131n\u0131f\u0131 enerji)  850 m\u00b3\/h - 200 Watt \u00dcfleyici Motor (C s\u0131n\u0131f\u0131 enerji)  &gt; Renk Se\u00e7enekleri Siyah, Beyaz, Inox &gt; Cam Renkleri Siyah, Beyaz,\" \/>\n<meta property=\"og:url\" content=\"https:\/\/www.hibsan.com.tr\/product\/tergola-s\/\" \/>\n<meta property=\"og:site_name\" content=\"Hibsan\" \/>\n<meta name=\"twitter:card\" content=\"summary_large_image\" \/>\n<script type=\"application\/ld+json\" class=\"yoast-schema-graph\">{\"@context\":\"https:\\\/\\\/schema.org\",\"@graph\":[{\"@type\":\"WebPage\",\"@id\":\"https:\\\/\\\/www.hibsan.com.tr\\\/product\\\/tergola-s\\\/\",\"url\":\"https:\\\/\\\/www.hibsan.com.tr\\\/product\\\/tergola-s\\\/\",\"name\":\"Tergola S - Hibsan\",\"isPartOf\":{\"@id\":\"https:\\\/\\\/www.hibsan.com.tr\\\/#website\"},\"primaryImageOfPage\":{\"@id\":\"https:\\\/\\\/www.hibsan.com.tr\\\/product\\\/tergola-s\\\/#primaryimage\"},\"image\":{\"@id\":\"https:\\\/\\\/www.hibsan.com.tr\\\/product\\\/tergola-s\\\/#primaryimage\"},\"thumbnailUrl\":\"https:\\\/\\\/www.hibsan.com.tr\\\/wp-content\\\/uploads\\\/2026\\\/04\\\/Tergola-S1.jpg\",\"datePublished\":\"2026-04-04T10:36:36+00:00\",\"breadcrumb\":{\"@id\":\"https:\\\/\\\/www.hibsan.com.tr\\\/product\\\/tergola-s\\\/#breadcrumb\"},\"inLanguage\":\"tr\",\"potentialAction\":[{\"@type\":\"ReadAction\",\"target\":[\"https:\\\/\\\/www.hibsan.com.tr\\\/product\\\/tergola-s\\\/\"]}]},{\"@type\":\"ImageObject\",\"inLanguage\":\"tr\",\"@id\":\"https:\\\/\\\/www.hibsan.com.tr\\\/product\\\/tergola-s\\\/#primaryimage\",\"url\":\"https:\\\/\\\/www.hibsan.com.tr\\\/wp-content\\\/uploads\\\/2026\\\/04\\\/Tergola-S1.jpg\",\"contentUrl\":\"https:\\\/\\\/www.hibsan.com.tr\\\/wp-content\\\/uploads\\\/2026\\\/04\\\/Tergola-S1.jpg\",\"width\":1000,\"height\":1000},{\"@type\":\"BreadcrumbList\",\"@id\":\"https:\\\/\\\/www.hibsan.com.tr\\\/product\\\/tergola-s\\\/#breadcrumb\",\"itemListElement\":[{\"@type\":\"ListItem\",\"position\":1,\"name\":\"Home\",\"item\":\"https:\\\/\\\/www.hibsan.com.tr\\\/tr\\\/ana-sayfa\\\/\"},{\"@type\":\"ListItem\",\"position\":2,\"name\":\"Ma\u011faza\",\"item\":\"https:\\\/\\\/www.hibsan.com.tr\\\/tr\\\/magaza\\\/\"},{\"@type\":\"ListItem\",\"position\":3,\"name\":\"Tergola S\"}]},{\"@type\":\"WebSite\",\"@id\":\"https:\\\/\\\/www.hibsan.com.tr\\\/#website\",\"url\":\"https:\\\/\\\/www.hibsan.com.tr\\\/\",\"name\":\"Hibsan\",\"description\":\"producing for World&#039;s top brands.\",\"publisher\":{\"@id\":\"https:\\\/\\\/www.hibsan.com.tr\\\/#organization\"},\"potentialAction\":[{\"@type\":\"SearchAction\",\"target\":{\"@type\":\"EntryPoint\",\"urlTemplate\":\"https:\\\/\\\/www.hibsan.com.tr\\\/?s={search_term_string}\"},\"query-input\":{\"@type\":\"PropertyValueSpecification\",\"valueRequired\":true,\"valueName\":\"search_term_string\"}}],\"inLanguage\":\"tr\"},{\"@type\":\"Organization\",\"@id\":\"https:\\\/\\\/www.hibsan.com.tr\\\/#organization\",\"name\":\"Hibsan\",\"url\":\"https:\\\/\\\/www.hibsan.com.tr\\\/\",\"logo\":{\"@type\":\"ImageObject\",\"inLanguage\":\"tr\",\"@id\":\"https:\\\/\\\/www.hibsan.com.tr\\\/#\\\/schema\\\/logo\\\/image\\\/\",\"url\":\"https:\\\/\\\/www.hibsan.com.tr\\\/wp-content\\\/uploads\\\/2022\\\/09\\\/logo.svg\",\"contentUrl\":\"https:\\\/\\\/www.hibsan.com.tr\\\/wp-content\\\/uploads\\\/2022\\\/09\\\/logo.svg\",\"width\":363,\"height\":107,\"caption\":\"Hibsan\"},\"image\":{\"@id\":\"https:\\\/\\\/www.hibsan.com.tr\\\/#\\\/schema\\\/logo\\\/image\\\/\"}}]}<\/script>\n<!-- \/ Yoast SEO plugin. -->","yoast_head_json":{"title":"Tergola S - Hibsan","robots":{"index":"index","follow":"follow","max-snippet":"max-snippet:-1","max-image-preview":"max-image-preview:large","max-video-preview":"max-video-preview:-1"},"canonical":"https:\/\/www.hibsan.com.tr\/product\/tergola-s\/","og_locale":"tr_TR","og_type":"article","og_title":"Tergola S - Hibsan","og_description":"LD32-03-90 &gt; Ana \u00d6zellikler  Boyut: 90 cm  Kurulum: Duvar Tipi  Kontrol: Basmal\u0131 D\u00fc\u011fme  H\u0131z: 3  Ayd\u0131nlatma: 2x2W LED Spot  Filtre: Al\u00fcminyum (Bula\u015f\u0131k Makinesinde Y\u0131kanabilir)  Hava \u00c7\u0131k\u0131\u015f\u0131: 120 mm  Baca: Ayarlanabilir ve \u00c7ift  G\u00fcr\u00fclt\u00fc Seviyesi: min 53dB - maks 63dB  Hava Ak\u0131\u015f\u0131 Kapasitesi (DIN EN 61591): min 125 m\u00b3\/h - maks 250 m\u00b3\/h  Hava Ak\u0131\u015f Kapasitesi (Serbest Ak\u0131\u015f): 400 m\u00b3\/saat  Motor: 110 Watt \u00dcfleyici Tipi  Enerji S\u0131n\u0131f\u0131: D  Paket Boyutlar\u0131 (GxDxY): 95x32x56 cm  Adedi: 50 Adet  20DC\/40HC\/Kamyon: 105 Adet \/ 248 Adet \/ 292 Adet &gt; Opsiyonel \u00d6zellikler  Karbon Filtre Seti  60 cm  550 m\u00b3\/h - 140 Watt \u00dcfleyici Motor (D s\u0131n\u0131f\u0131 enerji)  700 m\u00b3\/h - 210 Watt \u00dcfleyici Motor (A s\u0131n\u0131f\u0131 enerji)  750 m\u00b3\/h - 210 Watt \u00dcfleyici Motor (B s\u0131n\u0131f\u0131 enerji)  850 m\u00b3\/h - 200 Watt \u00dcfleyici Motor (C s\u0131n\u0131f\u0131 enerji)  &gt; Renk Se\u00e7enekleri Siyah, Beyaz, Inox &gt; Cam Renkleri Siyah, Beyaz,","og_url":"https:\/\/www.hibsan.com.tr\/product\/tergola-s\/","og_site_name":"Hibsan","twitter_card":"summary_large_image","schema":{"@context":"https:\/\/schema.org","@graph":[{"@type":"WebPage","@id":"https:\/\/www.hibsan.com.tr\/product\/tergola-s\/","url":"https:\/\/www.hibsan.com.tr\/product\/tergola-s\/","name":"Tergola S - Hibsan","isPartOf":{"@id":"https:\/\/www.hibsan.com.tr\/#website"},"primaryImageOfPage":{"@id":"https:\/\/www.hibsan.com.tr\/product\/tergola-s\/#primaryimage"},"image":{"@id":"https:\/\/www.hibsan.com.tr\/product\/tergola-s\/#primaryimage"},"thumbnailUrl":"https:\/\/www.hibsan.com.tr\/wp-content\/uploads\/2026\/04\/Tergola-S1.jpg","datePublished":"2026-04-04T10:36:36+00:00","breadcrumb":{"@id":"https:\/\/www.hibsan.com.tr\/product\/tergola-s\/#breadcrumb"},"inLanguage":"tr","potentialAction":[{"@type":"ReadAction","target":["https:\/\/www.hibsan.com.tr\/product\/tergola-s\/"]}]},{"@type":"ImageObject","inLanguage":"tr","@id":"https:\/\/www.hibsan.com.tr\/product\/tergola-s\/#primaryimage","url":"https:\/\/www.hibsan.com.tr\/wp-content\/uploads\/2026\/04\/Tergola-S1.jpg","contentUrl":"https:\/\/www.hibsan.com.tr\/wp-content\/uploads\/2026\/04\/Tergola-S1.jpg","width":1000,"height":1000},{"@type":"BreadcrumbList","@id":"https:\/\/www.hibsan.com.tr\/product\/tergola-s\/#breadcrumb","itemListElement":[{"@type":"ListItem","position":1,"name":"Home","item":"https:\/\/www.hibsan.com.tr\/tr\/ana-sayfa\/"},{"@type":"ListItem","position":2,"name":"Ma\u011faza","item":"https:\/\/www.hibsan.com.tr\/tr\/magaza\/"},{"@type":"ListItem","position":3,"name":"Tergola S"}]},{"@type":"WebSite","@id":"https:\/\/www.hibsan.com.tr\/#website","url":"https:\/\/www.hibsan.com.tr\/","name":"Hibsan","description":"producing for World&#039;s top brands.","publisher":{"@id":"https:\/\/www.hibsan.com.tr\/#organization"},"potentialAction":[{"@type":"SearchAction","target":{"@type":"EntryPoint","urlTemplate":"https:\/\/www.hibsan.com.tr\/?s={search_term_string}"},"query-input":{"@type":"PropertyValueSpecification","valueRequired":true,"valueName":"search_term_string"}}],"inLanguage":"tr"},{"@type":"Organization","@id":"https:\/\/www.hibsan.com.tr\/#organization","name":"Hibsan","url":"https:\/\/www.hibsan.com.tr\/","logo":{"@type":"ImageObject","inLanguage":"tr","@id":"https:\/\/www.hibsan.com.tr\/#\/schema\/logo\/image\/","url":"https:\/\/www.hibsan.com.tr\/wp-content\/uploads\/2022\/09\/logo.svg","contentUrl":"https:\/\/www.hibsan.com.tr\/wp-content\/uploads\/2022\/09\/logo.svg","width":363,"height":107,"caption":"Hibsan"},"image":{"@id":"https:\/\/www.hibsan.com.tr\/#\/schema\/logo\/image\/"}}]}},"_links":{"self":[{"href":"https:\/\/www.hibsan.com.tr\/tr\/wp-json\/wp\/v2\/product\/8512","targetHints":{"allow":["GET"]}}],"collection":[{"href":"https:\/\/www.hibsan.com.tr\/tr\/wp-json\/wp\/v2\/product"}],"about":[{"href":"https:\/\/www.hibsan.com.tr\/tr\/wp-json\/wp\/v2\/types\/product"}],"replies":[{"embeddable":true,"href":"https:\/\/www.hibsan.com.tr\/tr\/wp-json\/wp\/v2\/comments?post=8512"}],"version-history":[{"count":0,"href":"https:\/\/www.hibsan.com.tr\/tr\/wp-json\/wp\/v2\/product\/8512\/revisions"}],"wp:featuredmedia":[{"embeddable":true,"href":"https:\/\/www.hibsan.com.tr\/tr\/wp-json\/wp\/v2\/media\/8389"}],"wp:attachment":[{"href":"https:\/\/www.hibsan.com.tr\/tr\/wp-json\/wp\/v2\/media?parent=8512"}],"wp:term":[{"taxonomy":"product_brand","embeddable":true,"href":"https:\/\/www.hibsan.com.tr\/tr\/wp-json\/wp\/v2\/product_brand?post=8512"},{"taxonomy":"product_cat","embeddable":true,"href":"https:\/\/www.hibsan.com.tr\/tr\/wp-json\/wp\/v2\/product_cat?post=8512"},{"taxonomy":"product_tag","embeddable":true,"href":"https:\/\/www.hibsan.com.tr\/tr\/wp-json\/wp\/v2\/product_tag?post=8512"}],"curies":[{"name":"wp","href":"https:\/\/api.w.org\/{rel}","templated":true}]}}