{"id":8511,"date":"2026-04-04T13:37:26","date_gmt":"2026-04-04T10:37:26","guid":{"rendered":"https:\/\/www.hibsan.com.tr\/product\/helmet\/"},"modified":"2026-04-04T13:37:26","modified_gmt":"2026-04-04T10:37:26","slug":"helmet","status":"publish","type":"product","link":"https:\/\/www.hibsan.com.tr\/tr\/urun\/helmet\/","title":{"rendered":"Helmet"},"content":{"rendered":"","protected":false},"excerpt":{"rendered":"<h3><img decoding=\"async\" class=\"alignleft wp-image-7542\" src=\"https:\/\/proff.com.tr\/wp-content\/uploads\/2022\/07\/yellow-line.svg\" alt=\"\" width=\"80\"><\/h3>\n<h3>LD101<\/h3>\n<p><strong><span style=\"color: #ffdd30;\">&gt; <\/span><span style=\"color: #000000;\">Ana \u00d6zellikler<\/span><\/strong><\/p>\n<ul>\n<li>Dimension: 90 CM<\/li>\n<li>Kurulum: Duvar Tipi<\/li>\n<li>Kontrol: Dokunmatik Ekranl\u0131<\/li>\n<li>H\u0131z: 3<\/li>\n<li>Ayd\u0131nlatma: 2x2W LED Spot<\/li>\n<li>Filtre: Inox B\u00f6lme<span class=\"Apple-converted-space\"> <\/span><\/li>\n<li>Hava \u00c7\u0131k\u0131\u015f\u0131: 150 mm<\/li>\n<li>Baca: Ayarlanabilir ve \u00c7ift<\/li>\n<li>Filtre Doygunluk G\u00f6stergesi: Evet<\/li>\n<li>Zamanlay\u0131c\u0131: 15 Dakika<\/li>\n<li>G\u00fcr\u00fclt\u00fc Seviyesi: min 55dB &#8211; maks 65dB<\/li>\n<li>Hava Ak\u0131\u015f\u0131 Kapasitesi (DIN EN 61591): min 245 m\u00b3\/h &#8211; maks 455 m\u00b3\/h<\/li>\n<li>Hava Ak\u0131\u015f\u0131 Kapasitesi (Serbest Ak\u0131\u015f): 550 m\u00b3\/h<\/li>\n<li>Motor: 140 Watt \u00dcfleyici Tipi<\/li>\n<li>Enerji S\u0131n\u0131f\u0131: D<\/li>\n<\/ul>\n<p><strong><span style=\"color: #ffdd30;\">&gt; <\/span><span style=\"color: #000000;\">Opsiyonel \u00d6zellikler<\/span><\/strong><\/p>\n<ul>\n<li>Karbon Filtre Seti<\/li>\n<li>60 CM<\/li>\n<li>Uzaktan Kumanda<\/li>\n<li>Al\u00fcminyum Filtreler (Bula\u015f\u0131k Makinesinde Y\u0131kanabilir)<\/li>\n<li>700 m\u00b3\/h &#8211; 210 Watt \u00dcfleyici Motor (A s\u0131n\u0131f\u0131 enerji)<\/li>\n<li>750 m\u00b3\/h &#8211; 210 Watt \u00dcfleyici Motor (B s\u0131n\u0131f\u0131 enerji)<\/li>\n<li>850 m\u00b3\/h &#8211; 200 Watt \u00dcfleyici Motor (C s\u0131n\u0131f\u0131 enerji) \/ 5 HIZ<\/li>\n<\/ul>\n<p><strong><span style=\"color: #ffdd30;\">&gt; <\/span><span style=\"color: #000000;\">Cam Renk Se\u00e7enekleri<\/span><\/strong><\/p>\n<ul>\n<li>Siyah Cam<\/li>\n<li>Beyaz Cam<\/li>\n<\/ul>\n","protected":false},"featured_media":8429,"comment_status":"closed","ping_status":"closed","template":"","meta":[],"product_brand":[],"product_cat":[208,204],"product_tag":[205],"class_list":{"0":"post-8511","1":"product","2":"type-product","3":"status-publish","4":"has-post-thumbnail","6":"product_cat-egimli-davlumbazlar","7":"product_cat-urunler-2","8":"product_tag-ocak-davlumbazi","10":"first","11":"instock","12":"shipping-taxable","13":"product-type-simple"},"yoast_head":"<!-- This site is optimized with the Yoast SEO plugin v27.3 - https:\/\/yoast.com\/product\/yoast-seo-wordpress\/ -->\n<title>Helmet - Hibsan<\/title>\n<meta name=\"robots\" content=\"index, follow, max-snippet:-1, max-image-preview:large, max-video-preview:-1\" \/>\n<link rel=\"canonical\" href=\"https:\/\/www.hibsan.com.tr\/product\/helmet\/\" \/>\n<meta property=\"og:locale\" content=\"tr_TR\" \/>\n<meta property=\"og:type\" content=\"article\" \/>\n<meta property=\"og:title\" content=\"Helmet - Hibsan\" \/>\n<meta property=\"og:description\" content=\"LD101 &gt; Ana \u00d6zellikler  Dimension: 90 CM  Kurulum: Duvar Tipi  Kontrol: Dokunmatik Ekranl\u0131  H\u0131z: 3  Ayd\u0131nlatma: 2x2W LED Spot  Filtre: Inox B\u00f6lme  Hava \u00c7\u0131k\u0131\u015f\u0131: 150 mm  Baca: Ayarlanabilir ve \u00c7ift  Filtre Doygunluk G\u00f6stergesi: Evet  Zamanlay\u0131c\u0131: 15 Dakika  G\u00fcr\u00fclt\u00fc Seviyesi: min 55dB - maks 65dB  Hava Ak\u0131\u015f\u0131 Kapasitesi (DIN EN 61591): min 245 m\u00b3\/h - maks 455 m\u00b3\/h  Hava Ak\u0131\u015f\u0131 Kapasitesi (Serbest Ak\u0131\u015f): 550 m\u00b3\/h  Motor: 140 Watt \u00dcfleyici Tipi  Enerji S\u0131n\u0131f\u0131: D &gt; Opsiyonel \u00d6zellikler  Karbon Filtre Seti  60 CM  Uzaktan Kumanda  Al\u00fcminyum Filtreler (Bula\u015f\u0131k Makinesinde Y\u0131kanabilir)  700 m\u00b3\/h - 210 Watt \u00dcfleyici Motor (A s\u0131n\u0131f\u0131 enerji)  750 m\u00b3\/h - 210 Watt \u00dcfleyici Motor (B s\u0131n\u0131f\u0131 enerji)  850 m\u00b3\/h - 200 Watt \u00dcfleyici Motor (C s\u0131n\u0131f\u0131 enerji) \/ 5 HIZ &gt; Cam Renk Se\u00e7enekleri  Siyah Cam  Beyaz Cam\" \/>\n<meta property=\"og:url\" content=\"https:\/\/www.hibsan.com.tr\/product\/helmet\/\" \/>\n<meta property=\"og:site_name\" content=\"Hibsan\" \/>\n<meta name=\"twitter:card\" content=\"summary_large_image\" \/>\n<script type=\"application\/ld+json\" class=\"yoast-schema-graph\">{\"@context\":\"https:\\\/\\\/schema.org\",\"@graph\":[{\"@type\":\"WebPage\",\"@id\":\"https:\\\/\\\/www.hibsan.com.tr\\\/product\\\/helmet\\\/\",\"url\":\"https:\\\/\\\/www.hibsan.com.tr\\\/product\\\/helmet\\\/\",\"name\":\"Helmet - Hibsan\",\"isPartOf\":{\"@id\":\"https:\\\/\\\/www.hibsan.com.tr\\\/#website\"},\"primaryImageOfPage\":{\"@id\":\"https:\\\/\\\/www.hibsan.com.tr\\\/product\\\/helmet\\\/#primaryimage\"},\"image\":{\"@id\":\"https:\\\/\\\/www.hibsan.com.tr\\\/product\\\/helmet\\\/#primaryimage\"},\"thumbnailUrl\":\"https:\\\/\\\/www.hibsan.com.tr\\\/wp-content\\\/uploads\\\/2026\\\/04\\\/helmet.jpg\",\"datePublished\":\"2026-04-04T10:37:26+00:00\",\"breadcrumb\":{\"@id\":\"https:\\\/\\\/www.hibsan.com.tr\\\/product\\\/helmet\\\/#breadcrumb\"},\"inLanguage\":\"tr\",\"potentialAction\":[{\"@type\":\"ReadAction\",\"target\":[\"https:\\\/\\\/www.hibsan.com.tr\\\/product\\\/helmet\\\/\"]}]},{\"@type\":\"ImageObject\",\"inLanguage\":\"tr\",\"@id\":\"https:\\\/\\\/www.hibsan.com.tr\\\/product\\\/helmet\\\/#primaryimage\",\"url\":\"https:\\\/\\\/www.hibsan.com.tr\\\/wp-content\\\/uploads\\\/2026\\\/04\\\/helmet.jpg\",\"contentUrl\":\"https:\\\/\\\/www.hibsan.com.tr\\\/wp-content\\\/uploads\\\/2026\\\/04\\\/helmet.jpg\",\"width\":1000,\"height\":1000},{\"@type\":\"BreadcrumbList\",\"@id\":\"https:\\\/\\\/www.hibsan.com.tr\\\/product\\\/helmet\\\/#breadcrumb\",\"itemListElement\":[{\"@type\":\"ListItem\",\"position\":1,\"name\":\"Home\",\"item\":\"https:\\\/\\\/www.hibsan.com.tr\\\/tr\\\/ana-sayfa\\\/\"},{\"@type\":\"ListItem\",\"position\":2,\"name\":\"Ma\u011faza\",\"item\":\"https:\\\/\\\/www.hibsan.com.tr\\\/tr\\\/magaza\\\/\"},{\"@type\":\"ListItem\",\"position\":3,\"name\":\"Helmet\"}]},{\"@type\":\"WebSite\",\"@id\":\"https:\\\/\\\/www.hibsan.com.tr\\\/#website\",\"url\":\"https:\\\/\\\/www.hibsan.com.tr\\\/\",\"name\":\"Hibsan\",\"description\":\"producing for World&#039;s top brands.\",\"publisher\":{\"@id\":\"https:\\\/\\\/www.hibsan.com.tr\\\/#organization\"},\"potentialAction\":[{\"@type\":\"SearchAction\",\"target\":{\"@type\":\"EntryPoint\",\"urlTemplate\":\"https:\\\/\\\/www.hibsan.com.tr\\\/?s={search_term_string}\"},\"query-input\":{\"@type\":\"PropertyValueSpecification\",\"valueRequired\":true,\"valueName\":\"search_term_string\"}}],\"inLanguage\":\"tr\"},{\"@type\":\"Organization\",\"@id\":\"https:\\\/\\\/www.hibsan.com.tr\\\/#organization\",\"name\":\"Hibsan\",\"url\":\"https:\\\/\\\/www.hibsan.com.tr\\\/\",\"logo\":{\"@type\":\"ImageObject\",\"inLanguage\":\"tr\",\"@id\":\"https:\\\/\\\/www.hibsan.com.tr\\\/#\\\/schema\\\/logo\\\/image\\\/\",\"url\":\"https:\\\/\\\/www.hibsan.com.tr\\\/wp-content\\\/uploads\\\/2022\\\/09\\\/logo.svg\",\"contentUrl\":\"https:\\\/\\\/www.hibsan.com.tr\\\/wp-content\\\/uploads\\\/2022\\\/09\\\/logo.svg\",\"width\":363,\"height\":107,\"caption\":\"Hibsan\"},\"image\":{\"@id\":\"https:\\\/\\\/www.hibsan.com.tr\\\/#\\\/schema\\\/logo\\\/image\\\/\"}}]}<\/script>\n<!-- \/ Yoast SEO plugin. -->","yoast_head_json":{"title":"Helmet - Hibsan","robots":{"index":"index","follow":"follow","max-snippet":"max-snippet:-1","max-image-preview":"max-image-preview:large","max-video-preview":"max-video-preview:-1"},"canonical":"https:\/\/www.hibsan.com.tr\/product\/helmet\/","og_locale":"tr_TR","og_type":"article","og_title":"Helmet - Hibsan","og_description":"LD101 &gt; Ana \u00d6zellikler  Dimension: 90 CM  Kurulum: Duvar Tipi  Kontrol: Dokunmatik Ekranl\u0131  H\u0131z: 3  Ayd\u0131nlatma: 2x2W LED Spot  Filtre: Inox B\u00f6lme  Hava \u00c7\u0131k\u0131\u015f\u0131: 150 mm  Baca: Ayarlanabilir ve \u00c7ift  Filtre Doygunluk G\u00f6stergesi: Evet  Zamanlay\u0131c\u0131: 15 Dakika  G\u00fcr\u00fclt\u00fc Seviyesi: min 55dB - maks 65dB  Hava Ak\u0131\u015f\u0131 Kapasitesi (DIN EN 61591): min 245 m\u00b3\/h - maks 455 m\u00b3\/h  Hava Ak\u0131\u015f\u0131 Kapasitesi (Serbest Ak\u0131\u015f): 550 m\u00b3\/h  Motor: 140 Watt \u00dcfleyici Tipi  Enerji S\u0131n\u0131f\u0131: D &gt; Opsiyonel \u00d6zellikler  Karbon Filtre Seti  60 CM  Uzaktan Kumanda  Al\u00fcminyum Filtreler (Bula\u015f\u0131k Makinesinde Y\u0131kanabilir)  700 m\u00b3\/h - 210 Watt \u00dcfleyici Motor (A s\u0131n\u0131f\u0131 enerji)  750 m\u00b3\/h - 210 Watt \u00dcfleyici Motor (B s\u0131n\u0131f\u0131 enerji)  850 m\u00b3\/h - 200 Watt \u00dcfleyici Motor (C s\u0131n\u0131f\u0131 enerji) \/ 5 HIZ &gt; Cam Renk Se\u00e7enekleri  Siyah Cam  Beyaz Cam","og_url":"https:\/\/www.hibsan.com.tr\/product\/helmet\/","og_site_name":"Hibsan","twitter_card":"summary_large_image","schema":{"@context":"https:\/\/schema.org","@graph":[{"@type":"WebPage","@id":"https:\/\/www.hibsan.com.tr\/product\/helmet\/","url":"https:\/\/www.hibsan.com.tr\/product\/helmet\/","name":"Helmet - Hibsan","isPartOf":{"@id":"https:\/\/www.hibsan.com.tr\/#website"},"primaryImageOfPage":{"@id":"https:\/\/www.hibsan.com.tr\/product\/helmet\/#primaryimage"},"image":{"@id":"https:\/\/www.hibsan.com.tr\/product\/helmet\/#primaryimage"},"thumbnailUrl":"https:\/\/www.hibsan.com.tr\/wp-content\/uploads\/2026\/04\/helmet.jpg","datePublished":"2026-04-04T10:37:26+00:00","breadcrumb":{"@id":"https:\/\/www.hibsan.com.tr\/product\/helmet\/#breadcrumb"},"inLanguage":"tr","potentialAction":[{"@type":"ReadAction","target":["https:\/\/www.hibsan.com.tr\/product\/helmet\/"]}]},{"@type":"ImageObject","inLanguage":"tr","@id":"https:\/\/www.hibsan.com.tr\/product\/helmet\/#primaryimage","url":"https:\/\/www.hibsan.com.tr\/wp-content\/uploads\/2026\/04\/helmet.jpg","contentUrl":"https:\/\/www.hibsan.com.tr\/wp-content\/uploads\/2026\/04\/helmet.jpg","width":1000,"height":1000},{"@type":"BreadcrumbList","@id":"https:\/\/www.hibsan.com.tr\/product\/helmet\/#breadcrumb","itemListElement":[{"@type":"ListItem","position":1,"name":"Home","item":"https:\/\/www.hibsan.com.tr\/tr\/ana-sayfa\/"},{"@type":"ListItem","position":2,"name":"Ma\u011faza","item":"https:\/\/www.hibsan.com.tr\/tr\/magaza\/"},{"@type":"ListItem","position":3,"name":"Helmet"}]},{"@type":"WebSite","@id":"https:\/\/www.hibsan.com.tr\/#website","url":"https:\/\/www.hibsan.com.tr\/","name":"Hibsan","description":"producing for World&#039;s top brands.","publisher":{"@id":"https:\/\/www.hibsan.com.tr\/#organization"},"potentialAction":[{"@type":"SearchAction","target":{"@type":"EntryPoint","urlTemplate":"https:\/\/www.hibsan.com.tr\/?s={search_term_string}"},"query-input":{"@type":"PropertyValueSpecification","valueRequired":true,"valueName":"search_term_string"}}],"inLanguage":"tr"},{"@type":"Organization","@id":"https:\/\/www.hibsan.com.tr\/#organization","name":"Hibsan","url":"https:\/\/www.hibsan.com.tr\/","logo":{"@type":"ImageObject","inLanguage":"tr","@id":"https:\/\/www.hibsan.com.tr\/#\/schema\/logo\/image\/","url":"https:\/\/www.hibsan.com.tr\/wp-content\/uploads\/2022\/09\/logo.svg","contentUrl":"https:\/\/www.hibsan.com.tr\/wp-content\/uploads\/2022\/09\/logo.svg","width":363,"height":107,"caption":"Hibsan"},"image":{"@id":"https:\/\/www.hibsan.com.tr\/#\/schema\/logo\/image\/"}}]}},"_links":{"self":[{"href":"https:\/\/www.hibsan.com.tr\/tr\/wp-json\/wp\/v2\/product\/8511","targetHints":{"allow":["GET"]}}],"collection":[{"href":"https:\/\/www.hibsan.com.tr\/tr\/wp-json\/wp\/v2\/product"}],"about":[{"href":"https:\/\/www.hibsan.com.tr\/tr\/wp-json\/wp\/v2\/types\/product"}],"replies":[{"embeddable":true,"href":"https:\/\/www.hibsan.com.tr\/tr\/wp-json\/wp\/v2\/comments?post=8511"}],"version-history":[{"count":0,"href":"https:\/\/www.hibsan.com.tr\/tr\/wp-json\/wp\/v2\/product\/8511\/revisions"}],"wp:featuredmedia":[{"embeddable":true,"href":"https:\/\/www.hibsan.com.tr\/tr\/wp-json\/wp\/v2\/media\/8429"}],"wp:attachment":[{"href":"https:\/\/www.hibsan.com.tr\/tr\/wp-json\/wp\/v2\/media?parent=8511"}],"wp:term":[{"taxonomy":"product_brand","embeddable":true,"href":"https:\/\/www.hibsan.com.tr\/tr\/wp-json\/wp\/v2\/product_brand?post=8511"},{"taxonomy":"product_cat","embeddable":true,"href":"https:\/\/www.hibsan.com.tr\/tr\/wp-json\/wp\/v2\/product_cat?post=8511"},{"taxonomy":"product_tag","embeddable":true,"href":"https:\/\/www.hibsan.com.tr\/tr\/wp-json\/wp\/v2\/product_tag?post=8511"}],"curies":[{"name":"wp","href":"https:\/\/api.w.org\/{rel}","templated":true}]}}