{"id":8510,"date":"2026-04-04T13:37:27","date_gmt":"2026-04-04T10:37:27","guid":{"rendered":"https:\/\/www.hibsan.com.tr\/product\/sotto-soft\/"},"modified":"2026-04-04T13:37:27","modified_gmt":"2026-04-04T10:37:27","slug":"sotto-soft","status":"publish","type":"product","link":"https:\/\/www.hibsan.com.tr\/tr\/urun\/sotto-soft\/","title":{"rendered":"Sotto Soft"},"content":{"rendered":"","protected":false},"excerpt":{"rendered":"<h3><img decoding=\"async\" class=\"alignleft wp-image-7542\" src=\"https:\/\/proff.com.tr\/wp-content\/uploads\/2022\/07\/yellow-line.svg\" alt=\"\" width=\"80\"><\/h3>\n<h3>5501 VR3<\/h3>\n<p><strong><span style=\"color: #ffdd30;\">&gt; <\/span><span style=\"color: #000000;\">Ana \u00d6zellikler<\/span><\/strong><\/p>\n<ul>\n<li>Boyut: 60 CM<\/li>\n<li>Kurulum: Dolap Alt\u0131<\/li>\n<li>\u00d6nden Devridaim: Evet<\/li>\n<li>Kontrol: Yumu\u015fak Dokunu\u015f<\/li>\n<li>H\u0131z: 3<\/li>\n<li>Ayd\u0131nlatma:1X2W LED<\/li>\n<li>Filtre: Al\u00fcminyum (Bula\u015f\u0131k Makinesinde Y\u0131kanabilir)<\/li>\n<li>Hava \u00c7\u0131k\u0131\u015f\u0131: 120 mm<\/li>\n<li>G\u00fcr\u00fclt\u00fc Seviyesi: min 53dB &#8211; maks 62dB<\/li>\n<li>Hava Ak\u0131\u015f\u0131 Kapasitesi (DIN EN 61591): min 125 m\u00b3\/h &#8211; maks 240 m\u00b3\/h<\/li>\n<li>Hava Ak\u0131\u015f Kapasitesi (Serbest Ak\u0131\u015f): 280 m\u00b3\/saat<\/li>\n<li>Motor: 110 Watt G\u00f6lgeli Kutuplu<\/li>\n<li>Enerji S\u0131n\u0131f\u0131: D<\/li>\n<\/ul>\n<p><strong><span style=\"color: #ffdd30;\">&gt; <\/span><span style=\"color: #000000;\">Opsiyonel \u00d6zellikler<\/span><\/strong><\/p>\n<ul>\n<li>Karbon Filtre Seti<\/li>\n<li>2X2W LED Spot<\/li>\n<li>50 CM \/ 70 CM \/ 80 CM \/ 90 CM<\/li>\n<li>2 Hava \u00c7\u0131k\u0131\u015f\u0131 (Arka ve \u00dcst)<\/li>\n<li>Cam Viz\u00f6r<\/li>\n<li>450 m\u00b3\/h &#8211; 2&#215;90 Watt Motor (D s\u0131n\u0131f\u0131 enerji)<\/li>\n<li>520 m\u00b3\/h &#8211; 2&#215;110 Watt Motor (D s\u0131n\u0131f\u0131 enerji)<\/li>\n<\/ul>\n<p><strong><span style=\"color: #ffdd30;\">&gt; <\/span><span style=\"color: #000000;\">Renk Se\u00e7enekleri<\/span><\/strong><\/p>\n<ul>\n<li>Beyaz<\/li>\n<li>Siyah Cam<\/li>\n<li>Bej<\/li>\n<li>Kahverengi<\/li>\n<li>Inox Gri<\/li>\n<li>Inox<\/li>\n<\/ul>\n","protected":false},"featured_media":8447,"comment_status":"closed","ping_status":"closed","template":"","meta":[],"product_brand":[],"product_cat":[207,204],"product_tag":[205],"class_list":{"0":"post-8510","1":"product","2":"type-product","3":"status-publish","4":"has-post-thumbnail","6":"product_cat-klasik-davlumbazlar","7":"product_cat-urunler-2","8":"product_tag-ocak-davlumbazi","10":"first","11":"instock","12":"shipping-taxable","13":"product-type-simple"},"yoast_head":"<!-- This site is optimized with the Yoast SEO plugin v27.3 - https:\/\/yoast.com\/product\/yoast-seo-wordpress\/ -->\n<title>Sotto Soft - Hibsan<\/title>\n<meta name=\"robots\" content=\"index, follow, max-snippet:-1, max-image-preview:large, max-video-preview:-1\" \/>\n<link rel=\"canonical\" href=\"https:\/\/www.hibsan.com.tr\/product\/sotto-soft\/\" \/>\n<meta property=\"og:locale\" content=\"tr_TR\" \/>\n<meta property=\"og:type\" content=\"article\" \/>\n<meta property=\"og:title\" content=\"Sotto Soft - Hibsan\" \/>\n<meta property=\"og:description\" content=\"5501 VR3 &gt; Ana \u00d6zellikler  Boyut: 60 CM  Kurulum: Dolap Alt\u0131  \u00d6nden Devridaim: Evet  Kontrol: Yumu\u015fak Dokunu\u015f  H\u0131z: 3  Ayd\u0131nlatma:1X2W LED  Filtre: Al\u00fcminyum (Bula\u015f\u0131k Makinesinde Y\u0131kanabilir)  Hava \u00c7\u0131k\u0131\u015f\u0131: 120 mm  G\u00fcr\u00fclt\u00fc Seviyesi: min 53dB - maks 62dB  Hava Ak\u0131\u015f\u0131 Kapasitesi (DIN EN 61591): min 125 m\u00b3\/h - maks 240 m\u00b3\/h  Hava Ak\u0131\u015f Kapasitesi (Serbest Ak\u0131\u015f): 280 m\u00b3\/saat  Motor: 110 Watt G\u00f6lgeli Kutuplu  Enerji S\u0131n\u0131f\u0131: D &gt; Opsiyonel \u00d6zellikler  Karbon Filtre Seti  2X2W LED Spot  50 CM \/ 70 CM \/ 80 CM \/ 90 CM  2 Hava \u00c7\u0131k\u0131\u015f\u0131 (Arka ve \u00dcst)  Cam Viz\u00f6r  450 m\u00b3\/h - 2x90 Watt Motor (D s\u0131n\u0131f\u0131 enerji)  520 m\u00b3\/h - 2x110 Watt Motor (D s\u0131n\u0131f\u0131 enerji) &gt; Renk Se\u00e7enekleri  Beyaz  Siyah Cam  Bej  Kahverengi  Inox Gri  Inox\" \/>\n<meta property=\"og:url\" content=\"https:\/\/www.hibsan.com.tr\/product\/sotto-soft\/\" \/>\n<meta property=\"og:site_name\" content=\"Hibsan\" \/>\n<meta name=\"twitter:card\" content=\"summary_large_image\" \/>\n<script type=\"application\/ld+json\" class=\"yoast-schema-graph\">{\"@context\":\"https:\\\/\\\/schema.org\",\"@graph\":[{\"@type\":\"WebPage\",\"@id\":\"https:\\\/\\\/www.hibsan.com.tr\\\/product\\\/sotto-soft\\\/\",\"url\":\"https:\\\/\\\/www.hibsan.com.tr\\\/product\\\/sotto-soft\\\/\",\"name\":\"Sotto Soft - Hibsan\",\"isPartOf\":{\"@id\":\"https:\\\/\\\/www.hibsan.com.tr\\\/#website\"},\"primaryImageOfPage\":{\"@id\":\"https:\\\/\\\/www.hibsan.com.tr\\\/product\\\/sotto-soft\\\/#primaryimage\"},\"image\":{\"@id\":\"https:\\\/\\\/www.hibsan.com.tr\\\/product\\\/sotto-soft\\\/#primaryimage\"},\"thumbnailUrl\":\"https:\\\/\\\/www.hibsan.com.tr\\\/wp-content\\\/uploads\\\/2026\\\/04\\\/sottosoft.jpg\",\"datePublished\":\"2026-04-04T10:37:27+00:00\",\"breadcrumb\":{\"@id\":\"https:\\\/\\\/www.hibsan.com.tr\\\/product\\\/sotto-soft\\\/#breadcrumb\"},\"inLanguage\":\"tr\",\"potentialAction\":[{\"@type\":\"ReadAction\",\"target\":[\"https:\\\/\\\/www.hibsan.com.tr\\\/product\\\/sotto-soft\\\/\"]}]},{\"@type\":\"ImageObject\",\"inLanguage\":\"tr\",\"@id\":\"https:\\\/\\\/www.hibsan.com.tr\\\/product\\\/sotto-soft\\\/#primaryimage\",\"url\":\"https:\\\/\\\/www.hibsan.com.tr\\\/wp-content\\\/uploads\\\/2026\\\/04\\\/sottosoft.jpg\",\"contentUrl\":\"https:\\\/\\\/www.hibsan.com.tr\\\/wp-content\\\/uploads\\\/2026\\\/04\\\/sottosoft.jpg\",\"width\":1000,\"height\":1000},{\"@type\":\"BreadcrumbList\",\"@id\":\"https:\\\/\\\/www.hibsan.com.tr\\\/product\\\/sotto-soft\\\/#breadcrumb\",\"itemListElement\":[{\"@type\":\"ListItem\",\"position\":1,\"name\":\"Home\",\"item\":\"https:\\\/\\\/www.hibsan.com.tr\\\/tr\\\/ana-sayfa\\\/\"},{\"@type\":\"ListItem\",\"position\":2,\"name\":\"Ma\u011faza\",\"item\":\"https:\\\/\\\/www.hibsan.com.tr\\\/tr\\\/magaza\\\/\"},{\"@type\":\"ListItem\",\"position\":3,\"name\":\"Sotto Soft\"}]},{\"@type\":\"WebSite\",\"@id\":\"https:\\\/\\\/www.hibsan.com.tr\\\/#website\",\"url\":\"https:\\\/\\\/www.hibsan.com.tr\\\/\",\"name\":\"Hibsan\",\"description\":\"producing for World&#039;s top brands.\",\"publisher\":{\"@id\":\"https:\\\/\\\/www.hibsan.com.tr\\\/#organization\"},\"potentialAction\":[{\"@type\":\"SearchAction\",\"target\":{\"@type\":\"EntryPoint\",\"urlTemplate\":\"https:\\\/\\\/www.hibsan.com.tr\\\/?s={search_term_string}\"},\"query-input\":{\"@type\":\"PropertyValueSpecification\",\"valueRequired\":true,\"valueName\":\"search_term_string\"}}],\"inLanguage\":\"tr\"},{\"@type\":\"Organization\",\"@id\":\"https:\\\/\\\/www.hibsan.com.tr\\\/#organization\",\"name\":\"Hibsan\",\"url\":\"https:\\\/\\\/www.hibsan.com.tr\\\/\",\"logo\":{\"@type\":\"ImageObject\",\"inLanguage\":\"tr\",\"@id\":\"https:\\\/\\\/www.hibsan.com.tr\\\/#\\\/schema\\\/logo\\\/image\\\/\",\"url\":\"https:\\\/\\\/www.hibsan.com.tr\\\/wp-content\\\/uploads\\\/2022\\\/09\\\/logo.svg\",\"contentUrl\":\"https:\\\/\\\/www.hibsan.com.tr\\\/wp-content\\\/uploads\\\/2022\\\/09\\\/logo.svg\",\"width\":363,\"height\":107,\"caption\":\"Hibsan\"},\"image\":{\"@id\":\"https:\\\/\\\/www.hibsan.com.tr\\\/#\\\/schema\\\/logo\\\/image\\\/\"}}]}<\/script>\n<!-- \/ Yoast SEO plugin. -->","yoast_head_json":{"title":"Sotto Soft - Hibsan","robots":{"index":"index","follow":"follow","max-snippet":"max-snippet:-1","max-image-preview":"max-image-preview:large","max-video-preview":"max-video-preview:-1"},"canonical":"https:\/\/www.hibsan.com.tr\/product\/sotto-soft\/","og_locale":"tr_TR","og_type":"article","og_title":"Sotto Soft - Hibsan","og_description":"5501 VR3 &gt; Ana \u00d6zellikler  Boyut: 60 CM  Kurulum: Dolap Alt\u0131  \u00d6nden Devridaim: Evet  Kontrol: Yumu\u015fak Dokunu\u015f  H\u0131z: 3  Ayd\u0131nlatma:1X2W LED  Filtre: Al\u00fcminyum (Bula\u015f\u0131k Makinesinde Y\u0131kanabilir)  Hava \u00c7\u0131k\u0131\u015f\u0131: 120 mm  G\u00fcr\u00fclt\u00fc Seviyesi: min 53dB - maks 62dB  Hava Ak\u0131\u015f\u0131 Kapasitesi (DIN EN 61591): min 125 m\u00b3\/h - maks 240 m\u00b3\/h  Hava Ak\u0131\u015f Kapasitesi (Serbest Ak\u0131\u015f): 280 m\u00b3\/saat  Motor: 110 Watt G\u00f6lgeli Kutuplu  Enerji S\u0131n\u0131f\u0131: D &gt; Opsiyonel \u00d6zellikler  Karbon Filtre Seti  2X2W LED Spot  50 CM \/ 70 CM \/ 80 CM \/ 90 CM  2 Hava \u00c7\u0131k\u0131\u015f\u0131 (Arka ve \u00dcst)  Cam Viz\u00f6r  450 m\u00b3\/h - 2x90 Watt Motor (D s\u0131n\u0131f\u0131 enerji)  520 m\u00b3\/h - 2x110 Watt Motor (D s\u0131n\u0131f\u0131 enerji) &gt; Renk Se\u00e7enekleri  Beyaz  Siyah Cam  Bej  Kahverengi  Inox Gri  Inox","og_url":"https:\/\/www.hibsan.com.tr\/product\/sotto-soft\/","og_site_name":"Hibsan","twitter_card":"summary_large_image","schema":{"@context":"https:\/\/schema.org","@graph":[{"@type":"WebPage","@id":"https:\/\/www.hibsan.com.tr\/product\/sotto-soft\/","url":"https:\/\/www.hibsan.com.tr\/product\/sotto-soft\/","name":"Sotto Soft - Hibsan","isPartOf":{"@id":"https:\/\/www.hibsan.com.tr\/#website"},"primaryImageOfPage":{"@id":"https:\/\/www.hibsan.com.tr\/product\/sotto-soft\/#primaryimage"},"image":{"@id":"https:\/\/www.hibsan.com.tr\/product\/sotto-soft\/#primaryimage"},"thumbnailUrl":"https:\/\/www.hibsan.com.tr\/wp-content\/uploads\/2026\/04\/sottosoft.jpg","datePublished":"2026-04-04T10:37:27+00:00","breadcrumb":{"@id":"https:\/\/www.hibsan.com.tr\/product\/sotto-soft\/#breadcrumb"},"inLanguage":"tr","potentialAction":[{"@type":"ReadAction","target":["https:\/\/www.hibsan.com.tr\/product\/sotto-soft\/"]}]},{"@type":"ImageObject","inLanguage":"tr","@id":"https:\/\/www.hibsan.com.tr\/product\/sotto-soft\/#primaryimage","url":"https:\/\/www.hibsan.com.tr\/wp-content\/uploads\/2026\/04\/sottosoft.jpg","contentUrl":"https:\/\/www.hibsan.com.tr\/wp-content\/uploads\/2026\/04\/sottosoft.jpg","width":1000,"height":1000},{"@type":"BreadcrumbList","@id":"https:\/\/www.hibsan.com.tr\/product\/sotto-soft\/#breadcrumb","itemListElement":[{"@type":"ListItem","position":1,"name":"Home","item":"https:\/\/www.hibsan.com.tr\/tr\/ana-sayfa\/"},{"@type":"ListItem","position":2,"name":"Ma\u011faza","item":"https:\/\/www.hibsan.com.tr\/tr\/magaza\/"},{"@type":"ListItem","position":3,"name":"Sotto Soft"}]},{"@type":"WebSite","@id":"https:\/\/www.hibsan.com.tr\/#website","url":"https:\/\/www.hibsan.com.tr\/","name":"Hibsan","description":"producing for World&#039;s top brands.","publisher":{"@id":"https:\/\/www.hibsan.com.tr\/#organization"},"potentialAction":[{"@type":"SearchAction","target":{"@type":"EntryPoint","urlTemplate":"https:\/\/www.hibsan.com.tr\/?s={search_term_string}"},"query-input":{"@type":"PropertyValueSpecification","valueRequired":true,"valueName":"search_term_string"}}],"inLanguage":"tr"},{"@type":"Organization","@id":"https:\/\/www.hibsan.com.tr\/#organization","name":"Hibsan","url":"https:\/\/www.hibsan.com.tr\/","logo":{"@type":"ImageObject","inLanguage":"tr","@id":"https:\/\/www.hibsan.com.tr\/#\/schema\/logo\/image\/","url":"https:\/\/www.hibsan.com.tr\/wp-content\/uploads\/2022\/09\/logo.svg","contentUrl":"https:\/\/www.hibsan.com.tr\/wp-content\/uploads\/2022\/09\/logo.svg","width":363,"height":107,"caption":"Hibsan"},"image":{"@id":"https:\/\/www.hibsan.com.tr\/#\/schema\/logo\/image\/"}}]}},"_links":{"self":[{"href":"https:\/\/www.hibsan.com.tr\/tr\/wp-json\/wp\/v2\/product\/8510","targetHints":{"allow":["GET"]}}],"collection":[{"href":"https:\/\/www.hibsan.com.tr\/tr\/wp-json\/wp\/v2\/product"}],"about":[{"href":"https:\/\/www.hibsan.com.tr\/tr\/wp-json\/wp\/v2\/types\/product"}],"replies":[{"embeddable":true,"href":"https:\/\/www.hibsan.com.tr\/tr\/wp-json\/wp\/v2\/comments?post=8510"}],"version-history":[{"count":0,"href":"https:\/\/www.hibsan.com.tr\/tr\/wp-json\/wp\/v2\/product\/8510\/revisions"}],"wp:featuredmedia":[{"embeddable":true,"href":"https:\/\/www.hibsan.com.tr\/tr\/wp-json\/wp\/v2\/media\/8447"}],"wp:attachment":[{"href":"https:\/\/www.hibsan.com.tr\/tr\/wp-json\/wp\/v2\/media?parent=8510"}],"wp:term":[{"taxonomy":"product_brand","embeddable":true,"href":"https:\/\/www.hibsan.com.tr\/tr\/wp-json\/wp\/v2\/product_brand?post=8510"},{"taxonomy":"product_cat","embeddable":true,"href":"https:\/\/www.hibsan.com.tr\/tr\/wp-json\/wp\/v2\/product_cat?post=8510"},{"taxonomy":"product_tag","embeddable":true,"href":"https:\/\/www.hibsan.com.tr\/tr\/wp-json\/wp\/v2\/product_tag?post=8510"}],"curies":[{"name":"wp","href":"https:\/\/api.w.org\/{rel}","templated":true}]}}