{"id":6159,"date":"2023-01-06T20:28:29","date_gmt":"2023-01-06T17:28:29","guid":{"rendered":"https:\/\/www.hibsan.com.tr\/?page_id=6159"},"modified":"2023-10-05T15:58:37","modified_gmt":"2023-10-05T12:58:37","slug":"kvkk","status":"publish","type":"page","link":"https:\/\/www.hibsan.com.tr\/tr\/kvkk\/","title":{"rendered":"K.V.K"},"content":{"rendered":"\t\t<div data-elementor-type=\"wp-page\" data-elementor-id=\"6159\" class=\"elementor elementor-6159\" data-elementor-post-type=\"page\">\n\t\t\t\t\t\t<section class=\"elementor-section elementor-top-section elementor-element elementor-element-9b951c1 elementor-section-full_width elementor-section-stretched elementor-section-height-default elementor-section-height-default\" data-id=\"9b951c1\" data-element_type=\"section\" data-e-type=\"section\" data-settings=\"{&quot;stretch_section&quot;:&quot;section-stretched&quot;}\">\n\t\t\t\t\t\t<div class=\"elementor-container elementor-column-gap-no\">\n\t\t\t\t\t<div class=\"elementor-column elementor-col-100 elementor-top-column elementor-element elementor-element-72d9b5f\" data-id=\"72d9b5f\" data-element_type=\"column\" data-e-type=\"column\">\n\t\t\t<div class=\"elementor-widget-wrap elementor-element-populated\">\n\t\t\t\t\t\t<div class=\"elementor-element elementor-element-a195e6b elementor-widget elementor-widget-image\" data-id=\"a195e6b\" data-element_type=\"widget\" data-e-type=\"widget\" data-widget_type=\"image.default\">\n\t\t\t\t<div class=\"elementor-widget-container\">\n\t\t\t\t\t        <div class=\"elementor-image\">\n                                                <img fetchpriority=\"high\" decoding=\"async\" width=\"2500\" height=\"430\" src=\"https:\/\/www.hibsan.com.tr\/wp-content\/uploads\/2022\/09\/hibsancorp.jpg\" class=\"attachment-full size-full wp-image-6139\" alt=\"\" srcset=\"https:\/\/www.hibsan.com.tr\/wp-content\/uploads\/2022\/09\/hibsancorp.jpg 2500w, https:\/\/www.hibsan.com.tr\/wp-content\/uploads\/2022\/09\/hibsancorp-300x52.jpg 300w, https:\/\/www.hibsan.com.tr\/wp-content\/uploads\/2022\/09\/hibsancorp-1024x176.jpg 1024w, https:\/\/www.hibsan.com.tr\/wp-content\/uploads\/2022\/09\/hibsancorp-768x132.jpg 768w, https:\/\/www.hibsan.com.tr\/wp-content\/uploads\/2022\/09\/hibsancorp-1536x264.jpg 1536w, https:\/\/www.hibsan.com.tr\/wp-content\/uploads\/2022\/09\/hibsancorp-2048x352.jpg 2048w, https:\/\/www.hibsan.com.tr\/wp-content\/uploads\/2022\/09\/hibsancorp-400x69.jpg 400w, https:\/\/www.hibsan.com.tr\/wp-content\/uploads\/2022\/09\/hibsancorp-800x138.jpg 800w\" sizes=\"(max-width: 2500px) 100vw, 2500px\" \/>                                                            <\/div>\n        \t\t\t\t<\/div>\n\t\t\t\t<\/div>\n\t\t\t\t\t<\/div>\n\t\t<\/div>\n\t\t\t\t\t<\/div>\n\t\t<\/section>\n\t\t\t\t<section class=\"elementor-section elementor-top-section elementor-element elementor-element-40e75bf elementor-section-boxed elementor-section-height-default elementor-section-height-default\" data-id=\"40e75bf\" data-element_type=\"section\" data-e-type=\"section\">\n\t\t\t\t\t\t<div class=\"elementor-container elementor-column-gap-default\">\n\t\t\t\t\t<div class=\"elementor-column elementor-col-100 elementor-top-column elementor-element elementor-element-fb7a2ee\" data-id=\"fb7a2ee\" data-element_type=\"column\" data-e-type=\"column\">\n\t\t\t<div class=\"elementor-widget-wrap elementor-element-populated\">\n\t\t\t\t\t\t<div class=\"elementor-element elementor-element-b852082 elementor-widget elementor-widget-spacer\" data-id=\"b852082\" data-element_type=\"widget\" data-e-type=\"widget\" data-widget_type=\"spacer.default\">\n\t\t\t\t<div class=\"elementor-widget-container\">\n\t\t\t\t\t\t\t<div class=\"elementor-spacer\">\n\t\t\t<div class=\"elementor-spacer-inner\"><\/div>\n\t\t<\/div>\n\t\t\t\t\t\t<\/div>\n\t\t\t\t<\/div>\n\t\t\t\t\t<\/div>\n\t\t<\/div>\n\t\t\t\t\t<\/div>\n\t\t<\/section>\n\t\t\t\t<section class=\"elementor-section elementor-top-section elementor-element elementor-element-04a4f4f elementor-section-boxed elementor-section-height-default elementor-section-height-default\" data-id=\"04a4f4f\" data-element_type=\"section\" data-e-type=\"section\">\n\t\t\t\t\t\t<div class=\"elementor-container elementor-column-gap-default\">\n\t\t\t\t\t<div class=\"elementor-column elementor-col-50 elementor-top-column elementor-element elementor-element-379034a\" data-id=\"379034a\" data-element_type=\"column\" data-e-type=\"column\">\n\t\t\t<div class=\"elementor-widget-wrap elementor-element-populated\">\n\t\t\t\t\t\t<div class=\"elementor-element elementor-element-78e09e1 elementor-widget elementor-widget-heading\" data-id=\"78e09e1\" data-element_type=\"widget\" data-e-type=\"widget\" data-widget_type=\"heading.default\">\n\t\t\t\t<div class=\"elementor-widget-container\">\n\t\t\t\t\t<h2 class=\"elementor-heading-title elementor-size-default\">Ki\u015fisel Verilerin Korunmas\u0131<\/h2>\t\t\t\t<\/div>\n\t\t\t\t<\/div>\n\t\t\t\t\t<\/div>\n\t\t<\/div>\n\t\t\t\t<div class=\"elementor-column elementor-col-50 elementor-top-column elementor-element elementor-element-71a9280\" data-id=\"71a9280\" data-element_type=\"column\" data-e-type=\"column\">\n\t\t\t<div class=\"elementor-widget-wrap elementor-element-populated\">\n\t\t\t\t\t\t<div class=\"elementor-element elementor-element-e991e1f elementor-widget elementor-widget-text-editor\" data-id=\"e991e1f\" data-element_type=\"widget\" data-e-type=\"widget\" data-widget_type=\"text-editor.default\">\n\t\t\t\t<div class=\"elementor-widget-container\">\n\t\t\t\t\t\t\t<div class=\"elementor-text-editor elementor-clearfix\"><p style=\"font-weight: 400;\">Kurulu\u015fumuzca siz de\u011ferli m\u00fc\u015fterilerimize \u00fcr\u00fcn ve hizmetlerimizin kesintisiz bir \u015fekilde ve g\u00fcvenle sunulmas\u0131 amac\u0131yla \u00e7e\u015fitli kanallardan temin edilen ki\u015fisel verilerinizin toplanmas\u0131, i\u015flenmesi ve \u00fc\u00e7\u00fcnc\u00fc ki\u015filere aktar\u0131lmas\u0131 gerekebilmektedir.<\/p><p style=\"font-weight: 400;\">Kurulu\u015fumuz, ki\u015fisel verilerinizin \u201c6698 say\u0131l\u0131 Ki\u015fisel Verilerin Korunmas\u0131 Kanunu\u2019na\u201d uygun olarak toplanmas\u0131, saklanmas\u0131, i\u015flenmesi, gerekli durumlarda payla\u015f\u0131lmas\u0131 s\u0131ras\u0131nda gizlili\u011finizi korumak amac\u0131yla m\u00fcmk\u00fcn olan en \u00fcst seviyede g\u00fcvenlik tedbirlerini almaktad\u0131r.<\/p><p style=\"font-weight: 400;\">Amac\u0131m\u0131z; sizlerin memnuniyeti do\u011frultusunda, ki\u015fisel verilerinizin toplanma \u015fekilleri, i\u015flenme ama\u00e7lar\u0131, i\u015flemenin hukuki nedenleri ve haklar\u0131n\u0131z konular\u0131nda sizleri en \u015feffaf \u015fekilde bilgilendirmektir.<\/p><p style=\"font-weight: 400;\">6698 say\u0131l\u0131 Kanun uyar\u0131nca ki\u015fisel verileriniz, veri sorumlusu olarak<\/p><p style=\"font-weight: 400;\"><strong>H\u0130BSAN HAVALANDIRMA SAN. ve T\u0130C. LTD. \u015eT\u0130. (H\u0130BSAN)<\/strong> taraf\u0131ndan ilgili dok\u00fcmanlarda a\u00e7\u0131klanan kapsamda toplanacak ve i\u015flenecektir.<\/p><p style=\"font-weight: 400;\">Bu kapsamda haz\u0131rlanan d\u00f6k\u00fcmanlara a\u015fa\u011f\u0131daki linklerden ula\u015fabilirsiniz:<\/p><ul><li><a href=\"https:\/\/www.hibsan.com.tr\/tr\/kvkk\/kisisel-verilerin-islenmesi-proseduru\/\" rel=\"noopener\">Ki\u015fisel Verilerin \u0130\u015flenmesi Prosed\u00fcr\u00fc<\/a><\/li><li><a href=\"https:\/\/www.hibsan.com.tr\/tr\/kvkk\/1-3-kisisel-verilerin-korunmasi-aydinlatma-metni\/\" rel=\"noopener\">Ki\u015fisel Verilerin Korunmas\u0131 Ayd\u0131nlatma Metni<\/a><\/li><li><a href=\"https:\/\/www.hibsan.com.tr\/tr\/kvkk\/kisisel-verilerin-korunmasina-iliskin-basvuru\/\" rel=\"noopener\">Veri \u0130lgilisi Ba\u015fvuru Formu<\/a><\/li><\/ul><\/div>\n\t\t\t\t\t\t<\/div>\n\t\t\t\t<\/div>\n\t\t\t\t\t<\/div>\n\t\t<\/div>\n\t\t\t\t\t<\/div>\n\t\t<\/section>\n\t\t\t\t<section class=\"elementor-section elementor-top-section elementor-element elementor-element-379ba9f elementor-section-boxed elementor-section-height-default elementor-section-height-default\" data-id=\"379ba9f\" data-element_type=\"section\" data-e-type=\"section\">\n\t\t\t\t\t\t<div class=\"elementor-container elementor-column-gap-default\">\n\t\t\t\t\t<div class=\"elementor-column elementor-col-100 elementor-top-column elementor-element elementor-element-12df96d\" data-id=\"12df96d\" data-element_type=\"column\" data-e-type=\"column\">\n\t\t\t<div class=\"elementor-widget-wrap elementor-element-populated\">\n\t\t\t\t\t\t<div class=\"elementor-element elementor-element-e8b9b81 elementor-widget elementor-widget-spacer\" data-id=\"e8b9b81\" data-element_type=\"widget\" data-e-type=\"widget\" data-widget_type=\"spacer.default\">\n\t\t\t\t<div class=\"elementor-widget-container\">\n\t\t\t\t\t\t\t<div class=\"elementor-spacer\">\n\t\t\t<div class=\"elementor-spacer-inner\"><\/div>\n\t\t<\/div>\n\t\t\t\t\t\t<\/div>\n\t\t\t\t<\/div>\n\t\t\t\t\t<\/div>\n\t\t<\/div>\n\t\t\t\t\t<\/div>\n\t\t<\/section>\n\t\t\t\t<\/div>\n\t\t","protected":false},"excerpt":{"rendered":"<p>Ki\u015fisel Verilerin Korunmas\u0131 Kurulu\u015fumuzca siz de\u011ferli m\u00fc\u015fterilerimize \u00fcr\u00fcn ve hizmetlerimizin kesintisiz bir \u015fekilde ve g\u00fcvenle sunulmas\u0131 amac\u0131yla \u00e7e\u015fitli kanallardan temin edilen ki\u015fisel verilerinizin toplanmas\u0131, i\u015flenmesi ve \u00fc\u00e7\u00fcnc\u00fc ki\u015filere aktar\u0131lmas\u0131 gerekebilmektedir. Kurulu\u015fumuz, ki\u015fisel verilerinizin \u201c6698 say\u0131l\u0131 Ki\u015fisel Verilerin Korunmas\u0131 Kanunu\u2019na\u201d uygun olarak toplanmas\u0131, saklanmas\u0131, i\u015flenmesi, gerekli durumlarda payla\u015f\u0131lmas\u0131 s\u0131ras\u0131nda gizlili\u011finizi korumak amac\u0131yla m\u00fcmk\u00fcn olan en \u00fcst &hellip; <\/p>\n<p class=\"link-more\"><a href=\"https:\/\/www.hibsan.com.tr\/tr\/kvkk\/\" class=\"more-link\">Read More <span class=\"screen-reader-text\"> &#8220;K.V.K&#8221;<\/span><\/a><\/p>\n","protected":false},"author":1,"featured_media":0,"parent":0,"menu_order":0,"comment_status":"closed","ping_status":"closed","template":"","meta":{"footnotes":""},"class_list":["post-6159","page","type-page","status-publish","hentry"],"yoast_head":"<!-- This site is optimized with the Yoast SEO plugin v27.3 - https:\/\/yoast.com\/product\/yoast-seo-wordpress\/ -->\n<title>K.V.K - Hibsan<\/title>\n<meta name=\"robots\" content=\"index, follow, max-snippet:-1, max-image-preview:large, max-video-preview:-1\" \/>\n<link rel=\"canonical\" href=\"https:\/\/www.hibsan.com.tr\/tr\/kvkk\/\" \/>\n<meta property=\"og:locale\" content=\"tr_TR\" \/>\n<meta property=\"og:type\" content=\"article\" \/>\n<meta property=\"og:title\" content=\"K.V.K - Hibsan\" \/>\n<meta property=\"og:description\" content=\"Ki\u015fisel Verilerin Korunmas\u0131 Kurulu\u015fumuzca siz de\u011ferli m\u00fc\u015fterilerimize \u00fcr\u00fcn ve hizmetlerimizin kesintisiz bir \u015fekilde ve g\u00fcvenle sunulmas\u0131 amac\u0131yla \u00e7e\u015fitli kanallardan temin edilen ki\u015fisel verilerinizin toplanmas\u0131, i\u015flenmesi ve \u00fc\u00e7\u00fcnc\u00fc ki\u015filere aktar\u0131lmas\u0131 gerekebilmektedir. Kurulu\u015fumuz, ki\u015fisel verilerinizin \u201c6698 say\u0131l\u0131 Ki\u015fisel Verilerin Korunmas\u0131 Kanunu\u2019na\u201d uygun olarak toplanmas\u0131, saklanmas\u0131, i\u015flenmesi, gerekli durumlarda payla\u015f\u0131lmas\u0131 s\u0131ras\u0131nda gizlili\u011finizi korumak amac\u0131yla m\u00fcmk\u00fcn olan en \u00fcst &hellip; Read More &quot;K.V.K&quot;\" \/>\n<meta property=\"og:url\" content=\"https:\/\/www.hibsan.com.tr\/tr\/kvkk\/\" \/>\n<meta property=\"og:site_name\" content=\"Hibsan\" \/>\n<meta property=\"article:modified_time\" content=\"2023-10-05T12:58:37+00:00\" \/>\n<meta property=\"og:image\" content=\"https:\/\/www.hibsan.com.tr\/wp-content\/uploads\/2022\/09\/hibsancorp.jpg\" \/>\n<meta name=\"twitter:card\" content=\"summary_large_image\" \/>\n<meta name=\"twitter:label1\" content=\"Tahmini okuma s\u00fcresi\" \/>\n\t<meta name=\"twitter:data1\" content=\"1 dakika\" \/>\n<script type=\"application\/ld+json\" class=\"yoast-schema-graph\">{\"@context\":\"https:\\\/\\\/schema.org\",\"@graph\":[{\"@type\":\"WebPage\",\"@id\":\"https:\\\/\\\/www.hibsan.com.tr\\\/tr\\\/kvkk\\\/\",\"url\":\"https:\\\/\\\/www.hibsan.com.tr\\\/tr\\\/kvkk\\\/\",\"name\":\"K.V.K - Hibsan\",\"isPartOf\":{\"@id\":\"https:\\\/\\\/www.hibsan.com.tr\\\/#website\"},\"primaryImageOfPage\":{\"@id\":\"https:\\\/\\\/www.hibsan.com.tr\\\/tr\\\/kvkk\\\/#primaryimage\"},\"image\":{\"@id\":\"https:\\\/\\\/www.hibsan.com.tr\\\/tr\\\/kvkk\\\/#primaryimage\"},\"thumbnailUrl\":\"https:\\\/\\\/www.hibsan.com.tr\\\/wp-content\\\/uploads\\\/2022\\\/09\\\/hibsancorp.jpg\",\"datePublished\":\"2023-01-06T17:28:29+00:00\",\"dateModified\":\"2023-10-05T12:58:37+00:00\",\"breadcrumb\":{\"@id\":\"https:\\\/\\\/www.hibsan.com.tr\\\/tr\\\/kvkk\\\/#breadcrumb\"},\"inLanguage\":\"tr\",\"potentialAction\":[{\"@type\":\"ReadAction\",\"target\":[\"https:\\\/\\\/www.hibsan.com.tr\\\/tr\\\/kvkk\\\/\"]}]},{\"@type\":\"ImageObject\",\"inLanguage\":\"tr\",\"@id\":\"https:\\\/\\\/www.hibsan.com.tr\\\/tr\\\/kvkk\\\/#primaryimage\",\"url\":\"https:\\\/\\\/www.hibsan.com.tr\\\/wp-content\\\/uploads\\\/2022\\\/09\\\/hibsancorp.jpg\",\"contentUrl\":\"https:\\\/\\\/www.hibsan.com.tr\\\/wp-content\\\/uploads\\\/2022\\\/09\\\/hibsancorp.jpg\"},{\"@type\":\"BreadcrumbList\",\"@id\":\"https:\\\/\\\/www.hibsan.com.tr\\\/tr\\\/kvkk\\\/#breadcrumb\",\"itemListElement\":[{\"@type\":\"ListItem\",\"position\":1,\"name\":\"Home\",\"item\":\"https:\\\/\\\/www.hibsan.com.tr\\\/tr\\\/\"},{\"@type\":\"ListItem\",\"position\":2,\"name\":\"K.V.K\"}]},{\"@type\":\"WebSite\",\"@id\":\"https:\\\/\\\/www.hibsan.com.tr\\\/#website\",\"url\":\"https:\\\/\\\/www.hibsan.com.tr\\\/\",\"name\":\"Hibsan\",\"description\":\"producing for World&#039;s top brands.\",\"publisher\":{\"@id\":\"https:\\\/\\\/www.hibsan.com.tr\\\/#organization\"},\"potentialAction\":[{\"@type\":\"SearchAction\",\"target\":{\"@type\":\"EntryPoint\",\"urlTemplate\":\"https:\\\/\\\/www.hibsan.com.tr\\\/?s={search_term_string}\"},\"query-input\":{\"@type\":\"PropertyValueSpecification\",\"valueRequired\":true,\"valueName\":\"search_term_string\"}}],\"inLanguage\":\"tr\"},{\"@type\":\"Organization\",\"@id\":\"https:\\\/\\\/www.hibsan.com.tr\\\/#organization\",\"name\":\"Hibsan\",\"url\":\"https:\\\/\\\/www.hibsan.com.tr\\\/\",\"logo\":{\"@type\":\"ImageObject\",\"inLanguage\":\"tr\",\"@id\":\"https:\\\/\\\/www.hibsan.com.tr\\\/#\\\/schema\\\/logo\\\/image\\\/\",\"url\":\"https:\\\/\\\/www.hibsan.com.tr\\\/wp-content\\\/uploads\\\/2022\\\/09\\\/logo.svg\",\"contentUrl\":\"https:\\\/\\\/www.hibsan.com.tr\\\/wp-content\\\/uploads\\\/2022\\\/09\\\/logo.svg\",\"width\":363,\"height\":107,\"caption\":\"Hibsan\"},\"image\":{\"@id\":\"https:\\\/\\\/www.hibsan.com.tr\\\/#\\\/schema\\\/logo\\\/image\\\/\"}}]}<\/script>\n<!-- \/ Yoast SEO plugin. -->","yoast_head_json":{"title":"K.V.K - Hibsan","robots":{"index":"index","follow":"follow","max-snippet":"max-snippet:-1","max-image-preview":"max-image-preview:large","max-video-preview":"max-video-preview:-1"},"canonical":"https:\/\/www.hibsan.com.tr\/tr\/kvkk\/","og_locale":"tr_TR","og_type":"article","og_title":"K.V.K - Hibsan","og_description":"Ki\u015fisel Verilerin Korunmas\u0131 Kurulu\u015fumuzca siz de\u011ferli m\u00fc\u015fterilerimize \u00fcr\u00fcn ve hizmetlerimizin kesintisiz bir \u015fekilde ve g\u00fcvenle sunulmas\u0131 amac\u0131yla \u00e7e\u015fitli kanallardan temin edilen ki\u015fisel verilerinizin toplanmas\u0131, i\u015flenmesi ve \u00fc\u00e7\u00fcnc\u00fc ki\u015filere aktar\u0131lmas\u0131 gerekebilmektedir. Kurulu\u015fumuz, ki\u015fisel verilerinizin \u201c6698 say\u0131l\u0131 Ki\u015fisel Verilerin Korunmas\u0131 Kanunu\u2019na\u201d uygun olarak toplanmas\u0131, saklanmas\u0131, i\u015flenmesi, gerekli durumlarda payla\u015f\u0131lmas\u0131 s\u0131ras\u0131nda gizlili\u011finizi korumak amac\u0131yla m\u00fcmk\u00fcn olan en \u00fcst &hellip; Read More \"K.V.K\"","og_url":"https:\/\/www.hibsan.com.tr\/tr\/kvkk\/","og_site_name":"Hibsan","article_modified_time":"2023-10-05T12:58:37+00:00","og_image":[{"url":"https:\/\/www.hibsan.com.tr\/wp-content\/uploads\/2022\/09\/hibsancorp.jpg","type":"","width":"","height":""}],"twitter_card":"summary_large_image","twitter_misc":{"Tahmini okuma s\u00fcresi":"1 dakika"},"schema":{"@context":"https:\/\/schema.org","@graph":[{"@type":"WebPage","@id":"https:\/\/www.hibsan.com.tr\/tr\/kvkk\/","url":"https:\/\/www.hibsan.com.tr\/tr\/kvkk\/","name":"K.V.K - Hibsan","isPartOf":{"@id":"https:\/\/www.hibsan.com.tr\/#website"},"primaryImageOfPage":{"@id":"https:\/\/www.hibsan.com.tr\/tr\/kvkk\/#primaryimage"},"image":{"@id":"https:\/\/www.hibsan.com.tr\/tr\/kvkk\/#primaryimage"},"thumbnailUrl":"https:\/\/www.hibsan.com.tr\/wp-content\/uploads\/2022\/09\/hibsancorp.jpg","datePublished":"2023-01-06T17:28:29+00:00","dateModified":"2023-10-05T12:58:37+00:00","breadcrumb":{"@id":"https:\/\/www.hibsan.com.tr\/tr\/kvkk\/#breadcrumb"},"inLanguage":"tr","potentialAction":[{"@type":"ReadAction","target":["https:\/\/www.hibsan.com.tr\/tr\/kvkk\/"]}]},{"@type":"ImageObject","inLanguage":"tr","@id":"https:\/\/www.hibsan.com.tr\/tr\/kvkk\/#primaryimage","url":"https:\/\/www.hibsan.com.tr\/wp-content\/uploads\/2022\/09\/hibsancorp.jpg","contentUrl":"https:\/\/www.hibsan.com.tr\/wp-content\/uploads\/2022\/09\/hibsancorp.jpg"},{"@type":"BreadcrumbList","@id":"https:\/\/www.hibsan.com.tr\/tr\/kvkk\/#breadcrumb","itemListElement":[{"@type":"ListItem","position":1,"name":"Home","item":"https:\/\/www.hibsan.com.tr\/tr\/"},{"@type":"ListItem","position":2,"name":"K.V.K"}]},{"@type":"WebSite","@id":"https:\/\/www.hibsan.com.tr\/#website","url":"https:\/\/www.hibsan.com.tr\/","name":"Hibsan","description":"producing for World&#039;s top brands.","publisher":{"@id":"https:\/\/www.hibsan.com.tr\/#organization"},"potentialAction":[{"@type":"SearchAction","target":{"@type":"EntryPoint","urlTemplate":"https:\/\/www.hibsan.com.tr\/?s={search_term_string}"},"query-input":{"@type":"PropertyValueSpecification","valueRequired":true,"valueName":"search_term_string"}}],"inLanguage":"tr"},{"@type":"Organization","@id":"https:\/\/www.hibsan.com.tr\/#organization","name":"Hibsan","url":"https:\/\/www.hibsan.com.tr\/","logo":{"@type":"ImageObject","inLanguage":"tr","@id":"https:\/\/www.hibsan.com.tr\/#\/schema\/logo\/image\/","url":"https:\/\/www.hibsan.com.tr\/wp-content\/uploads\/2022\/09\/logo.svg","contentUrl":"https:\/\/www.hibsan.com.tr\/wp-content\/uploads\/2022\/09\/logo.svg","width":363,"height":107,"caption":"Hibsan"},"image":{"@id":"https:\/\/www.hibsan.com.tr\/#\/schema\/logo\/image\/"}}]}},"_links":{"self":[{"href":"https:\/\/www.hibsan.com.tr\/tr\/wp-json\/wp\/v2\/pages\/6159","targetHints":{"allow":["GET"]}}],"collection":[{"href":"https:\/\/www.hibsan.com.tr\/tr\/wp-json\/wp\/v2\/pages"}],"about":[{"href":"https:\/\/www.hibsan.com.tr\/tr\/wp-json\/wp\/v2\/types\/page"}],"author":[{"embeddable":true,"href":"https:\/\/www.hibsan.com.tr\/tr\/wp-json\/wp\/v2\/users\/1"}],"replies":[{"embeddable":true,"href":"https:\/\/www.hibsan.com.tr\/tr\/wp-json\/wp\/v2\/comments?post=6159"}],"version-history":[{"count":27,"href":"https:\/\/www.hibsan.com.tr\/tr\/wp-json\/wp\/v2\/pages\/6159\/revisions"}],"predecessor-version":[{"id":6798,"href":"https:\/\/www.hibsan.com.tr\/tr\/wp-json\/wp\/v2\/pages\/6159\/revisions\/6798"}],"wp:attachment":[{"href":"https:\/\/www.hibsan.com.tr\/tr\/wp-json\/wp\/v2\/media?parent=6159"}],"curies":[{"name":"wp","href":"https:\/\/api.w.org\/{rel}","templated":true}]}}