{"id":5785,"date":"2022-09-09T22:00:18","date_gmt":"2022-09-09T19:00:18","guid":{"rendered":"https:\/\/www.hibsan.com.tr\/ana-sayfa\/"},"modified":"2026-04-04T15:15:10","modified_gmt":"2026-04-04T12:15:10","slug":"ana-sayfa","status":"publish","type":"page","link":"https:\/\/www.hibsan.com.tr\/tr\/","title":{"rendered":"Ana Sayfa"},"content":{"rendered":"\t\t<div data-elementor-type=\"wp-page\" data-elementor-id=\"5785\" class=\"elementor elementor-5785 elementor-4860\" data-elementor-post-type=\"page\">\n\t\t\t\t\t\t<section class=\"elementor-section elementor-top-section elementor-element elementor-element-68f5404 elementor-section-boxed elementor-section-height-default elementor-section-height-default\" data-id=\"68f5404\" data-element_type=\"section\" data-e-type=\"section\">\n\t\t\t\t\t\t<div class=\"elementor-container elementor-column-gap-no\">\n\t\t\t\t\t<div class=\"elementor-column elementor-col-100 elementor-top-column elementor-element elementor-element-3983ac35\" data-id=\"3983ac35\" data-element_type=\"column\" data-e-type=\"column\">\n\t\t\t<div class=\"elementor-widget-wrap elementor-element-populated\">\n\t\t\t\t\t\t<div class=\"elementor-element elementor-element-2a26e91f elementor-widget elementor-widget-slider_revolution\" data-id=\"2a26e91f\" data-element_type=\"widget\" data-e-type=\"widget\" data-widget_type=\"slider_revolution.default\">\n\t\t\t\t<div class=\"elementor-widget-container\">\n\t\t\t\t\t\n\t\t<div class=\"wp-block-themepunch-revslider\">\n\t\t\t<!-- START Proff REVOLUTION SLIDER 6.7.20 --><p class=\"rs-p-wp-fix\"><\/p>\n\t\t\t<rs-module-wrap id=\"rev_slider_3_1_wrapper\" data-source=\"gallery\" style=\"visibility:hidden;background:transparent;padding:0;margin:0px auto;margin-top:0;margin-bottom:0;\">\n\t\t\t\t<rs-module id=\"rev_slider_3_1\" style=\"\" data-version=\"6.7.20\">\n\t\t\t\t\t<rs-slides style=\"overflow: hidden; position: absolute;\">\n\t\t\t\t\t\t<rs-slide style=\"position: absolute;\" data-key=\"rs-30\" data-title=\"Slide\" data-link=\"\/\/www.hibsan.com.tr\/tr\/kurumsal\/\" data-tag=\"l\" data-target=\"_self\" data-seoz=\"front\" data-duration=\"8000ms\" data-anim=\"adpr:false;e:slidingoverlay;ms:2000;\" data-in=\"o:0;x:(100%);\" data-out=\"a:false;\" data-alttrans=\"boxfade,papercut\">\n\t\t\t\t\t\t\t<img fetchpriority=\"high\" decoding=\"async\" src=\"\/\/www.hibsan.com.tr\/wp-content\/plugins\/revslider\/sr6\/assets\/assets\/dummy.png\" alt=\"\" title=\"webslider1\" width=\"1920\" height=\"1080\" class=\"rev-slidebg tp-rs-img rs-lazyload\" data-lazyload=\"\/\/www.hibsan.com.tr\/wp-content\/uploads\/2023\/10\/webslider1.webp\" data-no-retina>\n<!--\n\t\t\t\t\t\t\t--><rs-layer\n\t\t\t\t\t\t\t\tid=\"slider-3-slide-30-layer-5\" \n\t\t\t\t\t\t\t\tdata-type=\"text\"\n\t\t\t\t\t\t\t\tdata-color=\"rgba(40, 40, 40, 0.79)\"\n\t\t\t\t\t\t\t\tdata-rsp_ch=\"on\"\n\t\t\t\t\t\t\t\tdata-xy=\"xo:231px,57px,38px,23px;yo:104px,20px,87px,53px;\"\n\t\t\t\t\t\t\t\tdata-text=\"w:normal;s:60,32,44,33;l:74,39,48,36;fw:900;\"\n\t\t\t\t\t\t\t\tdata-dim=\"w:832px,443px,520px,397px;\"\n\t\t\t\t\t\t\t\tdata-frame_1=\"st:2000;sR:2000;\"\n\t\t\t\t\t\t\t\tdata-frame_999=\"o:0;st:w;sR:4200;\"\n\t\t\t\t\t\t\t\tstyle=\"z-index:6;font-family:'Montserrat';\"\n\t\t\t\t\t\t\t>D\u00dcNYA MARKALARINA<br \/>\nB\u0130Z \u00dcRET\u0130YORUZ \n\t\t\t\t\t\t\t<\/rs-layer><!--\n-->\t\t\t\t\t<\/rs-slide>\n\t\t\t\t\t<\/rs-slides>\n\t\t\t\t\t<rs-static-layers><!--\n\t\t\t\t\t--><\/rs-static-layers>\n\t\t\t\t<\/rs-module>\n\t\t\t\t<script>\n\t\t\t\t\tsetREVStartSize({c: 'rev_slider_3_1',rl:[1240,1024,778,480],el:[950,500,960,720],gw:[1920,1024,778,480],gh:[950,500,960,720],type:'standard',justify:'',layout:'fullwidth',mh:\"0\"});if (window.RS_MODULES!==undefined && window.RS_MODULES.modules!==undefined && window.RS_MODULES.modules[\"revslider31\"]!==undefined) {window.RS_MODULES.modules[\"revslider31\"].once = false;window.revapi3 = undefined;if (window.RS_MODULES.checkMinimal!==undefined) window.RS_MODULES.checkMinimal()}\n\t\t\t\t<\/script>\n\t\t\t<\/rs-module-wrap>\n\t\t\t<!-- END REVOLUTION SLIDER -->\n<\/div>\n\n\t\t\t\t\t\t<\/div>\n\t\t\t\t<\/div>\n\t\t\t\t\t<\/div>\n\t\t<\/div>\n\t\t\t\t\t<\/div>\n\t\t<\/section>\n\t\t\t\t<section class=\"elementor-section elementor-top-section elementor-element elementor-element-5aec805a elementor-section-boxed elementor-section-height-default elementor-section-height-default\" data-id=\"5aec805a\" data-element_type=\"section\" data-e-type=\"section\" data-settings=\"{&quot;animation&quot;:&quot;none&quot;}\">\n\t\t\t\t\t\t<div class=\"elementor-container elementor-column-gap-default\">\n\t\t\t\t\t<div class=\"elementor-column elementor-col-33 elementor-top-column elementor-element elementor-element-0a394c3\" data-id=\"0a394c3\" data-element_type=\"column\" data-e-type=\"column\">\n\t\t\t<div class=\"elementor-widget-wrap elementor-element-populated\">\n\t\t\t\t\t\t<div class=\"elementor-element elementor-element-68623a7 elementor-widget elementor-widget-text-editor\" data-id=\"68623a7\" data-element_type=\"widget\" data-e-type=\"widget\" data-widget_type=\"text-editor.default\">\n\t\t\t\t<div class=\"elementor-widget-container\">\n\t\t\t\t\t\t\t<div class=\"elementor-text-editor elementor-clearfix\"><\/div>\n\t\t\t\t\t\t<\/div>\n\t\t\t\t<\/div>\n\t\t\t\t\t<\/div>\n\t\t<\/div>\n\t\t\t\t<div class=\"elementor-column elementor-col-33 elementor-top-column elementor-element elementor-element-18ba8763\" data-id=\"18ba8763\" data-element_type=\"column\" data-e-type=\"column\">\n\t\t\t<div class=\"elementor-widget-wrap elementor-element-populated\">\n\t\t\t\t\t\t<div class=\"elementor-element elementor-element-7620a4a3 elementor-widget elementor-widget-heading\" data-id=\"7620a4a3\" data-element_type=\"widget\" data-e-type=\"widget\" data-widget_type=\"heading.default\">\n\t\t\t\t<div class=\"elementor-widget-container\">\n\t\t\t\t\t<span class=\"elementor-heading-title elementor-size-default\">T\u00fcrkiye'nin \n<br> ilk davlumbaz fabrikas\u0131 olarak 1981 y\u0131l\u0131nda kurulan H\u0130BSAN, 30 y\u0131ld\u0131r T\u00fcrkiye pazar\u0131nda etkili bir \u00fcretici olmu\u015ftur.<\/span>\t\t\t\t<\/div>\n\t\t\t\t<\/div>\n\t\t\t\t<div class=\"elementor-element elementor-element-44721699 elementor-widget elementor-widget-text-editor\" data-id=\"44721699\" data-element_type=\"widget\" data-e-type=\"widget\" data-widget_type=\"text-editor.default\">\n\t\t\t\t<div class=\"elementor-widget-container\">\n\t\t\t\t\t\t\t<div class=\"elementor-text-editor elementor-clearfix\"><p>  Ayr\u0131ca H\u0130BSAN, son 10 y\u0131ld\u0131r Avrupa ve d\u00fcnya pazarlar\u0131nda etkili olmaktad\u0131r.<\/p><p>Gerek \u00fclke \u00e7ap\u0131nda, gerekse de D\u00fcnya \u00e7ap\u0131nda bilindik pek \u00e7ok markaya do\u011frudan \u00fcretim yapan H\u0130BSAN, ayr\u0131ca kendisine ait PROFF markas\u0131 ile bir\u00e7ok \u00fclkede faaliyetlerine devam etmekte ve i\u015fbirli\u011fi yapt\u0131\u011f\u0131 markalar aras\u0131na s\u00fcrekli yenilerini eklemektedir.<\/p><\/div>\n\t\t\t\t\t\t<\/div>\n\t\t\t\t<\/div>\n\t\t\t\t\t<\/div>\n\t\t<\/div>\n\t\t\t\t<div class=\"elementor-column elementor-col-33 elementor-top-column elementor-element elementor-element-6ffc250\" data-id=\"6ffc250\" data-element_type=\"column\" data-e-type=\"column\">\n\t\t\t<div class=\"elementor-widget-wrap elementor-element-populated\">\n\t\t\t\t\t\t<div class=\"elementor-element elementor-element-c40c1c8 elementor-widget elementor-widget-text-editor\" data-id=\"c40c1c8\" data-element_type=\"widget\" data-e-type=\"widget\" data-widget_type=\"text-editor.default\">\n\t\t\t\t<div class=\"elementor-widget-container\">\n\t\t\t\t\t\t\t<div class=\"elementor-text-editor elementor-clearfix\"><\/div>\n\t\t\t\t\t\t<\/div>\n\t\t\t\t<\/div>\n\t\t\t\t\t<\/div>\n\t\t<\/div>\n\t\t\t\t\t<\/div>\n\t\t<\/section>\n\t\t\t\t<section class=\"elementor-section elementor-top-section elementor-element elementor-element-b6f4b31 elementor-section-boxed elementor-section-height-default elementor-section-height-default\" data-id=\"b6f4b31\" data-element_type=\"section\" data-e-type=\"section\">\n\t\t\t\t\t\t<div class=\"elementor-container elementor-column-gap-default\">\n\t\t\t\t\t<div class=\"elementor-column elementor-col-33 elementor-top-column elementor-element elementor-element-6b85fa29\" data-id=\"6b85fa29\" data-element_type=\"column\" data-e-type=\"column\">\n\t\t\t<div class=\"elementor-widget-wrap elementor-element-populated\">\n\t\t\t\t\t\t<div class=\"elementor-element elementor-element-0adb0ed elementor-cta--skin-cover elementor-cta--valign-bottom elementor-animated-content elementor-bg-transform elementor-bg-transform-zoom-in elementor-widget elementor-widget-call-to-action\" data-id=\"0adb0ed\" data-element_type=\"widget\" data-e-type=\"widget\" data-widget_type=\"call-to-action.default\">\n\t\t\t\t<div class=\"elementor-widget-container\">\n\t\t\t\t\t\t\t<a href=\"https:\/\/www.hibsan.com.tr\/tr\/urun-kategori\/havalandirma\/ada-davlumbazlari\/\" class=\"elementor-cta\">\n\t\t\t\t\t<div class=\"elementor-cta__bg-wrapper\">\n\t\t\t\t<div class=\"elementor-cta__bg elementor-bg\" style=\"background-image: url(https:\/\/www.hibsan.com.tr\/wp-content\/uploads\/2026\/04\/island.jpg);\"><\/div>\n\t\t\t\t<div class=\"elementor-cta__bg-overlay\"><\/div>\n\t\t\t<\/div>\n\t\t\t\t\t\t\t<div class=\"elementor-cta__content\">\n\t\t\t\n\t\t\t\n\t\t\t\n\t\t\t\t\t\t<div class=\"elementor-cta__button-wrapper elementor-cta__content-item elementor-content-item elementor-animated-item--grow\">\n\t\t\t\t<button class=\"elementor-cta__button elementor-button elementor-size-sm\">\n\t\t\t\tAda Davlumbazlar\u0131\t\t\t\t<\/button>\n\t\t\t\t<\/div>\n\t\t\t\t\t\t<\/div>\n\t\t\t\t\t\t<\/a>\n\t\t\t\t\t\t<\/div>\n\t\t\t\t<\/div>\n\t\t\t\t\t<\/div>\n\t\t<\/div>\n\t\t\t\t<div class=\"elementor-column elementor-col-33 elementor-top-column elementor-element elementor-element-bdd909f\" data-id=\"bdd909f\" data-element_type=\"column\" data-e-type=\"column\">\n\t\t\t<div class=\"elementor-widget-wrap elementor-element-populated\">\n\t\t\t\t\t\t<div class=\"elementor-element elementor-element-5b500a96 elementor-cta--skin-cover elementor-cta--valign-bottom elementor-animated-content elementor-bg-transform elementor-bg-transform-zoom-in elementor-widget elementor-widget-call-to-action\" data-id=\"5b500a96\" data-element_type=\"widget\" data-e-type=\"widget\" data-widget_type=\"call-to-action.default\">\n\t\t\t\t<div class=\"elementor-widget-container\">\n\t\t\t\t\t\t\t<a href=\"https:\/\/www.hibsan.com.tr\/tr\/urun-kategori\/havalandirma\/t-tipi-davlumbazlar\/\" class=\"elementor-cta\">\n\t\t\t\t\t<div class=\"elementor-cta__bg-wrapper\">\n\t\t\t\t<div class=\"elementor-cta__bg elementor-bg\" style=\"background-image: url(https:\/\/www.hibsan.com.tr\/wp-content\/uploads\/2026\/04\/ttype.jpg);\"><\/div>\n\t\t\t\t<div class=\"elementor-cta__bg-overlay\"><\/div>\n\t\t\t<\/div>\n\t\t\t\t\t\t\t<div class=\"elementor-cta__content\">\n\t\t\t\n\t\t\t\n\t\t\t\n\t\t\t\t\t\t<div class=\"elementor-cta__button-wrapper elementor-cta__content-item elementor-content-item elementor-animated-item--grow\">\n\t\t\t\t<button class=\"elementor-cta__button elementor-button elementor-size-sm\">\n\t\t\t\tT-Tipi Davlumbazlar\t\t\t\t<\/button>\n\t\t\t\t<\/div>\n\t\t\t\t\t\t<\/div>\n\t\t\t\t\t\t<\/a>\n\t\t\t\t\t\t<\/div>\n\t\t\t\t<\/div>\n\t\t\t\t\t<\/div>\n\t\t<\/div>\n\t\t\t\t<div class=\"elementor-column elementor-col-33 elementor-top-column elementor-element elementor-element-3c891935\" data-id=\"3c891935\" data-element_type=\"column\" data-e-type=\"column\">\n\t\t\t<div class=\"elementor-widget-wrap elementor-element-populated\">\n\t\t\t\t\t\t<div class=\"elementor-element elementor-element-12040e8c elementor-cta--skin-cover elementor-cta--valign-bottom elementor-animated-content elementor-bg-transform elementor-bg-transform-zoom-in elementor-widget elementor-widget-call-to-action\" data-id=\"12040e8c\" data-element_type=\"widget\" data-e-type=\"widget\" data-widget_type=\"call-to-action.default\">\n\t\t\t\t<div class=\"elementor-widget-container\">\n\t\t\t\t\t\t\t<a href=\"https:\/\/www.hibsan.com.tr\/tr\/urun-kategori\/havalandirma\/ankastre-davlumbazlar\/\" class=\"elementor-cta\">\n\t\t\t\t\t<div class=\"elementor-cta__bg-wrapper\">\n\t\t\t\t<div class=\"elementor-cta__bg elementor-bg\" style=\"background-image: url(https:\/\/www.hibsan.com.tr\/wp-content\/uploads\/2026\/04\/build.jpg);\"><\/div>\n\t\t\t\t<div class=\"elementor-cta__bg-overlay\"><\/div>\n\t\t\t<\/div>\n\t\t\t\t\t\t\t<div class=\"elementor-cta__content\">\n\t\t\t\n\t\t\t\n\t\t\t\n\t\t\t\t\t\t<div class=\"elementor-cta__button-wrapper elementor-cta__content-item elementor-content-item elementor-animated-item--grow\">\n\t\t\t\t<button class=\"elementor-cta__button elementor-button elementor-size-sm\">\n\t\t\t\tAnkastre Davlumbazlar\t\t\t\t<\/button>\n\t\t\t\t<\/div>\n\t\t\t\t\t\t<\/div>\n\t\t\t\t\t\t<\/a>\n\t\t\t\t\t\t<\/div>\n\t\t\t\t<\/div>\n\t\t\t\t\t<\/div>\n\t\t<\/div>\n\t\t\t\t\t<\/div>\n\t\t<\/section>\n\t\t\t\t<section class=\"elementor-section elementor-top-section elementor-element elementor-element-7d3073a elementor-section-boxed elementor-section-height-default elementor-section-height-default\" data-id=\"7d3073a\" data-element_type=\"section\" data-e-type=\"section\">\n\t\t\t\t\t\t<div class=\"elementor-container elementor-column-gap-default\">\n\t\t\t\t\t<div class=\"elementor-column elementor-col-100 elementor-top-column elementor-element elementor-element-3be1761\" data-id=\"3be1761\" data-element_type=\"column\" data-e-type=\"column\">\n\t\t\t<div class=\"elementor-widget-wrap elementor-element-populated\">\n\t\t\t\t\t\t<div class=\"elementor-element elementor-element-19ecb14 elementor-widget elementor-widget-spacer\" data-id=\"19ecb14\" data-element_type=\"widget\" data-e-type=\"widget\" data-widget_type=\"spacer.default\">\n\t\t\t\t<div class=\"elementor-widget-container\">\n\t\t\t\t\t\t\t<div class=\"elementor-spacer\">\n\t\t\t<div class=\"elementor-spacer-inner\"><\/div>\n\t\t<\/div>\n\t\t\t\t\t\t<\/div>\n\t\t\t\t<\/div>\n\t\t\t\t\t<\/div>\n\t\t<\/div>\n\t\t\t\t\t<\/div>\n\t\t<\/section>\n\t\t\t\t<\/div>\n\t\t","protected":false},"excerpt":{"rendered":"<p>T\u00fcrkiye&#8217;nin ilk davlumbaz fabrikas\u0131 olarak 1981 y\u0131l\u0131nda kurulan H\u0130BSAN, 30 y\u0131ld\u0131r T\u00fcrkiye pazar\u0131nda etkili bir \u00fcretici olmu\u015ftur. Ayr\u0131ca H\u0130BSAN, son 10 y\u0131ld\u0131r Avrupa ve d\u00fcnya pazarlar\u0131nda etkili olmaktad\u0131r. Gerek \u00fclke \u00e7ap\u0131nda, gerekse de D\u00fcnya \u00e7ap\u0131nda bilindik pek \u00e7ok markaya do\u011frudan \u00fcretim yapan H\u0130BSAN, ayr\u0131ca kendisine ait PROFF markas\u0131 ile bir\u00e7ok \u00fclkede faaliyetlerine devam etmekte ve &hellip; <\/p>\n<p class=\"link-more\"><a href=\"https:\/\/www.hibsan.com.tr\/tr\/\" class=\"more-link\">Read More <span class=\"screen-reader-text\"> &#8220;Ana Sayfa&#8221;<\/span><\/a><\/p>\n","protected":false},"author":1,"featured_media":0,"parent":0,"menu_order":0,"comment_status":"closed","ping_status":"closed","template":"","meta":{"footnotes":""},"class_list":["post-5785","page","type-page","status-publish","hentry"],"yoast_head":"<!-- This site is optimized with the Yoast SEO plugin v27.3 - https:\/\/yoast.com\/product\/yoast-seo-wordpress\/ -->\n<title>Ana Sayfa - Hibsan<\/title>\n<meta name=\"robots\" content=\"index, follow, max-snippet:-1, max-image-preview:large, max-video-preview:-1\" \/>\n<link rel=\"canonical\" href=\"https:\/\/www.hibsan.com.tr\/tr\/ana-sayfa\/\" \/>\n<meta property=\"og:locale\" content=\"tr_TR\" \/>\n<meta property=\"og:type\" content=\"article\" \/>\n<meta property=\"og:title\" content=\"Ana Sayfa - Hibsan\" \/>\n<meta property=\"og:description\" content=\"T\u00fcrkiye&#8217;nin ilk davlumbaz fabrikas\u0131 olarak 1981 y\u0131l\u0131nda kurulan H\u0130BSAN, 30 y\u0131ld\u0131r T\u00fcrkiye pazar\u0131nda etkili bir \u00fcretici olmu\u015ftur. Ayr\u0131ca H\u0130BSAN, son 10 y\u0131ld\u0131r Avrupa ve d\u00fcnya pazarlar\u0131nda etkili olmaktad\u0131r. Gerek \u00fclke \u00e7ap\u0131nda, gerekse de D\u00fcnya \u00e7ap\u0131nda bilindik pek \u00e7ok markaya do\u011frudan \u00fcretim yapan H\u0130BSAN, ayr\u0131ca kendisine ait PROFF markas\u0131 ile bir\u00e7ok \u00fclkede faaliyetlerine devam etmekte ve &hellip; Read More &quot;Ana Sayfa&quot;\" \/>\n<meta property=\"og:url\" content=\"https:\/\/www.hibsan.com.tr\/tr\/ana-sayfa\/\" \/>\n<meta property=\"og:site_name\" content=\"Hibsan\" \/>\n<meta property=\"article:modified_time\" content=\"2026-04-04T12:15:10+00:00\" \/>\n<meta name=\"twitter:card\" content=\"summary_large_image\" \/>\n<meta name=\"twitter:label1\" content=\"Tahmini okuma s\u00fcresi\" \/>\n\t<meta name=\"twitter:data1\" content=\"1 dakika\" \/>\n<script type=\"application\/ld+json\" class=\"yoast-schema-graph\">{\"@context\":\"https:\\\/\\\/schema.org\",\"@graph\":[{\"@type\":\"WebPage\",\"@id\":\"https:\\\/\\\/www.hibsan.com.tr\\\/tr\\\/ana-sayfa\\\/\",\"url\":\"https:\\\/\\\/www.hibsan.com.tr\\\/tr\\\/ana-sayfa\\\/\",\"name\":\"Ana Sayfa - Hibsan\",\"isPartOf\":{\"@id\":\"https:\\\/\\\/www.hibsan.com.tr\\\/#website\"},\"datePublished\":\"2022-09-09T19:00:18+00:00\",\"dateModified\":\"2026-04-04T12:15:10+00:00\",\"breadcrumb\":{\"@id\":\"https:\\\/\\\/www.hibsan.com.tr\\\/tr\\\/ana-sayfa\\\/#breadcrumb\"},\"inLanguage\":\"tr\",\"potentialAction\":[{\"@type\":\"ReadAction\",\"target\":[\"https:\\\/\\\/www.hibsan.com.tr\\\/tr\\\/ana-sayfa\\\/\"]}]},{\"@type\":\"BreadcrumbList\",\"@id\":\"https:\\\/\\\/www.hibsan.com.tr\\\/tr\\\/ana-sayfa\\\/#breadcrumb\",\"itemListElement\":[{\"@type\":\"ListItem\",\"position\":1,\"name\":\"Home\",\"item\":\"https:\\\/\\\/www.hibsan.com.tr\\\/tr\\\/ana-sayfa\\\/\"},{\"@type\":\"ListItem\",\"position\":2,\"name\":\"Ana Sayfa\"}]},{\"@type\":\"WebSite\",\"@id\":\"https:\\\/\\\/www.hibsan.com.tr\\\/#website\",\"url\":\"https:\\\/\\\/www.hibsan.com.tr\\\/\",\"name\":\"Hibsan\",\"description\":\"producing for World&#039;s top brands.\",\"publisher\":{\"@id\":\"https:\\\/\\\/www.hibsan.com.tr\\\/#organization\"},\"potentialAction\":[{\"@type\":\"SearchAction\",\"target\":{\"@type\":\"EntryPoint\",\"urlTemplate\":\"https:\\\/\\\/www.hibsan.com.tr\\\/?s={search_term_string}\"},\"query-input\":{\"@type\":\"PropertyValueSpecification\",\"valueRequired\":true,\"valueName\":\"search_term_string\"}}],\"inLanguage\":\"tr\"},{\"@type\":\"Organization\",\"@id\":\"https:\\\/\\\/www.hibsan.com.tr\\\/#organization\",\"name\":\"Hibsan\",\"url\":\"https:\\\/\\\/www.hibsan.com.tr\\\/\",\"logo\":{\"@type\":\"ImageObject\",\"inLanguage\":\"tr\",\"@id\":\"https:\\\/\\\/www.hibsan.com.tr\\\/#\\\/schema\\\/logo\\\/image\\\/\",\"url\":\"https:\\\/\\\/www.hibsan.com.tr\\\/wp-content\\\/uploads\\\/2022\\\/09\\\/logo.svg\",\"contentUrl\":\"https:\\\/\\\/www.hibsan.com.tr\\\/wp-content\\\/uploads\\\/2022\\\/09\\\/logo.svg\",\"width\":363,\"height\":107,\"caption\":\"Hibsan\"},\"image\":{\"@id\":\"https:\\\/\\\/www.hibsan.com.tr\\\/#\\\/schema\\\/logo\\\/image\\\/\"}}]}<\/script>\n<!-- \/ Yoast SEO plugin. -->","yoast_head_json":{"title":"Ana Sayfa - Hibsan","robots":{"index":"index","follow":"follow","max-snippet":"max-snippet:-1","max-image-preview":"max-image-preview:large","max-video-preview":"max-video-preview:-1"},"canonical":"https:\/\/www.hibsan.com.tr\/tr\/ana-sayfa\/","og_locale":"tr_TR","og_type":"article","og_title":"Ana Sayfa - Hibsan","og_description":"T\u00fcrkiye&#8217;nin ilk davlumbaz fabrikas\u0131 olarak 1981 y\u0131l\u0131nda kurulan H\u0130BSAN, 30 y\u0131ld\u0131r T\u00fcrkiye pazar\u0131nda etkili bir \u00fcretici olmu\u015ftur. Ayr\u0131ca H\u0130BSAN, son 10 y\u0131ld\u0131r Avrupa ve d\u00fcnya pazarlar\u0131nda etkili olmaktad\u0131r. Gerek \u00fclke \u00e7ap\u0131nda, gerekse de D\u00fcnya \u00e7ap\u0131nda bilindik pek \u00e7ok markaya do\u011frudan \u00fcretim yapan H\u0130BSAN, ayr\u0131ca kendisine ait PROFF markas\u0131 ile bir\u00e7ok \u00fclkede faaliyetlerine devam etmekte ve &hellip; Read More \"Ana Sayfa\"","og_url":"https:\/\/www.hibsan.com.tr\/tr\/ana-sayfa\/","og_site_name":"Hibsan","article_modified_time":"2026-04-04T12:15:10+00:00","twitter_card":"summary_large_image","twitter_misc":{"Tahmini okuma s\u00fcresi":"1 dakika"},"schema":{"@context":"https:\/\/schema.org","@graph":[{"@type":"WebPage","@id":"https:\/\/www.hibsan.com.tr\/tr\/ana-sayfa\/","url":"https:\/\/www.hibsan.com.tr\/tr\/ana-sayfa\/","name":"Ana Sayfa - Hibsan","isPartOf":{"@id":"https:\/\/www.hibsan.com.tr\/#website"},"datePublished":"2022-09-09T19:00:18+00:00","dateModified":"2026-04-04T12:15:10+00:00","breadcrumb":{"@id":"https:\/\/www.hibsan.com.tr\/tr\/ana-sayfa\/#breadcrumb"},"inLanguage":"tr","potentialAction":[{"@type":"ReadAction","target":["https:\/\/www.hibsan.com.tr\/tr\/ana-sayfa\/"]}]},{"@type":"BreadcrumbList","@id":"https:\/\/www.hibsan.com.tr\/tr\/ana-sayfa\/#breadcrumb","itemListElement":[{"@type":"ListItem","position":1,"name":"Home","item":"https:\/\/www.hibsan.com.tr\/tr\/ana-sayfa\/"},{"@type":"ListItem","position":2,"name":"Ana Sayfa"}]},{"@type":"WebSite","@id":"https:\/\/www.hibsan.com.tr\/#website","url":"https:\/\/www.hibsan.com.tr\/","name":"Hibsan","description":"producing for World&#039;s top brands.","publisher":{"@id":"https:\/\/www.hibsan.com.tr\/#organization"},"potentialAction":[{"@type":"SearchAction","target":{"@type":"EntryPoint","urlTemplate":"https:\/\/www.hibsan.com.tr\/?s={search_term_string}"},"query-input":{"@type":"PropertyValueSpecification","valueRequired":true,"valueName":"search_term_string"}}],"inLanguage":"tr"},{"@type":"Organization","@id":"https:\/\/www.hibsan.com.tr\/#organization","name":"Hibsan","url":"https:\/\/www.hibsan.com.tr\/","logo":{"@type":"ImageObject","inLanguage":"tr","@id":"https:\/\/www.hibsan.com.tr\/#\/schema\/logo\/image\/","url":"https:\/\/www.hibsan.com.tr\/wp-content\/uploads\/2022\/09\/logo.svg","contentUrl":"https:\/\/www.hibsan.com.tr\/wp-content\/uploads\/2022\/09\/logo.svg","width":363,"height":107,"caption":"Hibsan"},"image":{"@id":"https:\/\/www.hibsan.com.tr\/#\/schema\/logo\/image\/"}}]}},"_links":{"self":[{"href":"https:\/\/www.hibsan.com.tr\/tr\/wp-json\/wp\/v2\/pages\/5785","targetHints":{"allow":["GET"]}}],"collection":[{"href":"https:\/\/www.hibsan.com.tr\/tr\/wp-json\/wp\/v2\/pages"}],"about":[{"href":"https:\/\/www.hibsan.com.tr\/tr\/wp-json\/wp\/v2\/types\/page"}],"author":[{"embeddable":true,"href":"https:\/\/www.hibsan.com.tr\/tr\/wp-json\/wp\/v2\/users\/1"}],"replies":[{"embeddable":true,"href":"https:\/\/www.hibsan.com.tr\/tr\/wp-json\/wp\/v2\/comments?post=5785"}],"version-history":[{"count":9,"href":"https:\/\/www.hibsan.com.tr\/tr\/wp-json\/wp\/v2\/pages\/5785\/revisions"}],"predecessor-version":[{"id":8689,"href":"https:\/\/www.hibsan.com.tr\/tr\/wp-json\/wp\/v2\/pages\/5785\/revisions\/8689"}],"wp:attachment":[{"href":"https:\/\/www.hibsan.com.tr\/tr\/wp-json\/wp\/v2\/media?parent=5785"}],"curies":[{"name":"wp","href":"https:\/\/api.w.org\/{rel}","templated":true}]}}