{"id":5724,"date":"2022-09-12T13:37:36","date_gmt":"2022-09-12T10:37:36","guid":{"rendered":"https:\/\/www.hibsan.com.tr\/kurumsal\/"},"modified":"2024-10-30T12:24:54","modified_gmt":"2024-10-30T09:24:54","slug":"kurumsal","status":"publish","type":"page","link":"https:\/\/www.hibsan.com.tr\/tr\/kurumsal\/","title":{"rendered":"Kurumsal"},"content":{"rendered":"\t\t<div data-elementor-type=\"wp-page\" data-elementor-id=\"5724\" class=\"elementor elementor-5724 elementor-5405\" data-elementor-post-type=\"page\">\n\t\t\t\t\t\t<section class=\"elementor-section elementor-top-section elementor-element elementor-element-eda89ba elementor-section-full_width elementor-section-stretched elementor-section-height-default elementor-section-height-default\" data-id=\"eda89ba\" data-element_type=\"section\" data-e-type=\"section\" data-settings=\"{&quot;stretch_section&quot;:&quot;section-stretched&quot;}\">\n\t\t\t\t\t\t<div class=\"elementor-container elementor-column-gap-no\">\n\t\t\t\t\t<div class=\"elementor-column elementor-col-100 elementor-top-column elementor-element elementor-element-7cf19e4\" data-id=\"7cf19e4\" data-element_type=\"column\" data-e-type=\"column\">\n\t\t\t<div class=\"elementor-widget-wrap elementor-element-populated\">\n\t\t\t\t\t\t<div class=\"elementor-element elementor-element-c1c4684 elementor-widget elementor-widget-image\" data-id=\"c1c4684\" data-element_type=\"widget\" data-e-type=\"widget\" data-widget_type=\"image.default\">\n\t\t\t\t<div class=\"elementor-widget-container\">\n\t\t\t\t\t        <div class=\"elementor-image\">\n                                                <img fetchpriority=\"high\" decoding=\"async\" width=\"2500\" height=\"1134\" src=\"https:\/\/www.hibsan.com.tr\/wp-content\/uploads\/2024\/10\/banner2.jpg\" class=\"attachment-full size-full wp-image-7921\" alt=\"\" srcset=\"https:\/\/www.hibsan.com.tr\/wp-content\/uploads\/2024\/10\/banner2.jpg 2500w, https:\/\/www.hibsan.com.tr\/wp-content\/uploads\/2024\/10\/banner2-300x136.jpg 300w, https:\/\/www.hibsan.com.tr\/wp-content\/uploads\/2024\/10\/banner2-1024x464.jpg 1024w, https:\/\/www.hibsan.com.tr\/wp-content\/uploads\/2024\/10\/banner2-768x348.jpg 768w, https:\/\/www.hibsan.com.tr\/wp-content\/uploads\/2024\/10\/banner2-1536x697.jpg 1536w, https:\/\/www.hibsan.com.tr\/wp-content\/uploads\/2024\/10\/banner2-2048x929.jpg 2048w, https:\/\/www.hibsan.com.tr\/wp-content\/uploads\/2024\/10\/banner2-400x181.jpg 400w, https:\/\/www.hibsan.com.tr\/wp-content\/uploads\/2024\/10\/banner2-800x363.jpg 800w\" sizes=\"(max-width: 2500px) 100vw, 2500px\" \/>                                                            <\/div>\n        \t\t\t\t<\/div>\n\t\t\t\t<\/div>\n\t\t\t\t\t<\/div>\n\t\t<\/div>\n\t\t\t\t\t<\/div>\n\t\t<\/section>\n\t\t\t\t<section class=\"elementor-section elementor-top-section elementor-element elementor-element-934545a elementor-section-boxed elementor-section-height-default elementor-section-height-default\" data-id=\"934545a\" data-element_type=\"section\" data-e-type=\"section\">\n\t\t\t\t\t\t<div class=\"elementor-container elementor-column-gap-default\">\n\t\t\t\t\t<div class=\"elementor-column elementor-col-100 elementor-top-column elementor-element elementor-element-6aad85e\" data-id=\"6aad85e\" data-element_type=\"column\" data-e-type=\"column\">\n\t\t\t<div class=\"elementor-widget-wrap elementor-element-populated\">\n\t\t\t\t\t\t<div class=\"elementor-element elementor-element-d0f269a elementor-widget elementor-widget-spacer\" data-id=\"d0f269a\" data-element_type=\"widget\" data-e-type=\"widget\" data-widget_type=\"spacer.default\">\n\t\t\t\t<div class=\"elementor-widget-container\">\n\t\t\t\t\t\t\t<div class=\"elementor-spacer\">\n\t\t\t<div class=\"elementor-spacer-inner\"><\/div>\n\t\t<\/div>\n\t\t\t\t\t\t<\/div>\n\t\t\t\t<\/div>\n\t\t\t\t\t<\/div>\n\t\t<\/div>\n\t\t\t\t\t<\/div>\n\t\t<\/section>\n\t\t\t\t<section class=\"elementor-section elementor-top-section elementor-element elementor-element-a9f2795 elementor-section-boxed elementor-section-height-default elementor-section-height-default\" data-id=\"a9f2795\" data-element_type=\"section\" data-e-type=\"section\">\n\t\t\t\t\t\t<div class=\"elementor-container elementor-column-gap-no\">\n\t\t\t\t\t<div class=\"elementor-column elementor-col-100 elementor-top-column elementor-element elementor-element-de51406\" data-id=\"de51406\" data-element_type=\"column\" data-e-type=\"column\">\n\t\t\t<div class=\"elementor-widget-wrap elementor-element-populated\">\n\t\t\t\t\t\t\t<\/div>\n\t\t<\/div>\n\t\t\t\t\t<\/div>\n\t\t<\/section>\n\t\t\t\t<section class=\"elementor-section elementor-top-section elementor-element elementor-element-7bbb526 elementor-section-boxed elementor-section-height-default elementor-section-height-default\" data-id=\"7bbb526\" data-element_type=\"section\" data-e-type=\"section\">\n\t\t\t\t\t\t<div class=\"elementor-container elementor-column-gap-default\">\n\t\t\t\t\t<div class=\"elementor-column elementor-col-50 elementor-top-column elementor-element elementor-element-2cbab87\" data-id=\"2cbab87\" data-element_type=\"column\" data-e-type=\"column\">\n\t\t\t<div class=\"elementor-widget-wrap elementor-element-populated\">\n\t\t\t\t\t\t<div class=\"elementor-element elementor-element-0596cae elementor-widget elementor-widget-text-editor\" data-id=\"0596cae\" data-element_type=\"widget\" data-e-type=\"widget\" data-widget_type=\"text-editor.default\">\n\t\t\t\t<div class=\"elementor-widget-container\">\n\t\t\t\t\t\t\t<div class=\"elementor-text-editor elementor-clearfix\"><p>1981 y\u0131l\u0131nda T\u00fcrkiye\u2019nin ilk davlumbaz fabrikas\u0131 olarak kurulan H\u0130BSAN, 40 y\u0131l\u0131 a\u015fk\u0131n s\u00fcredir D\u00fcnya pazar\u0131nda etkin bir \u00fcretici konumundad\u0131r.<\/p><p>Ba\u015fta Avrupa olmak \u00fczere d\u00fcnyan\u0131n en iyi beyaz e\u015fya markalar\u0131 i\u00e7in stratejik bir \u00fcretici olan H\u0130BSAN, t\u00fcm d\u00fcnyada 95\u2019ten fazla \u00fclkeye ihracat ger\u00e7ekle\u015ftirmektedir.<\/p><\/div>\n\t\t\t\t\t\t<\/div>\n\t\t\t\t<\/div>\n\t\t\t\t<div class=\"elementor-element elementor-element-e863ff2 elementor-widget elementor-widget-spacer\" data-id=\"e863ff2\" data-element_type=\"widget\" data-e-type=\"widget\" data-widget_type=\"spacer.default\">\n\t\t\t\t<div class=\"elementor-widget-container\">\n\t\t\t\t\t\t\t<div class=\"elementor-spacer\">\n\t\t\t<div class=\"elementor-spacer-inner\"><\/div>\n\t\t<\/div>\n\t\t\t\t\t\t<\/div>\n\t\t\t\t<\/div>\n\t\t\t\t<div class=\"elementor-element elementor-element-ece0c40 elementor-widget elementor-widget-video\" data-id=\"ece0c40\" data-element_type=\"widget\" data-e-type=\"widget\" data-settings=\"{&quot;youtube_url&quot;:&quot;https:\\\/\\\/www.youtube.com\\\/watch?v=y3RVkDxCmfU&amp;rel=0&quot;,&quot;video_type&quot;:&quot;youtube&quot;,&quot;controls&quot;:&quot;yes&quot;}\" data-widget_type=\"video.default\">\n\t\t\t\t<div class=\"elementor-widget-container\">\n\t\t\t\t\t\t\t<div class=\"elementor-wrapper elementor-open-inline\">\n\t\t\t<div class=\"elementor-video\"><\/div>\t\t<\/div>\n\t\t\t\t\t\t<\/div>\n\t\t\t\t<\/div>\n\t\t\t\t<div class=\"elementor-element elementor-element-d28e5af elementor-widget elementor-widget-spacer\" data-id=\"d28e5af\" data-element_type=\"widget\" data-e-type=\"widget\" data-widget_type=\"spacer.default\">\n\t\t\t\t<div class=\"elementor-widget-container\">\n\t\t\t\t\t\t\t<div class=\"elementor-spacer\">\n\t\t\t<div class=\"elementor-spacer-inner\"><\/div>\n\t\t<\/div>\n\t\t\t\t\t\t<\/div>\n\t\t\t\t<\/div>\n\t\t\t\t\t<\/div>\n\t\t<\/div>\n\t\t\t\t<div class=\"elementor-column elementor-col-50 elementor-top-column elementor-element elementor-element-b5aa22e\" data-id=\"b5aa22e\" data-element_type=\"column\" data-e-type=\"column\">\n\t\t\t<div class=\"elementor-widget-wrap elementor-element-populated\">\n\t\t\t\t\t\t<div class=\"elementor-element elementor-element-e167690 elementor-widget elementor-widget-text-editor\" data-id=\"e167690\" data-element_type=\"widget\" data-e-type=\"widget\" data-widget_type=\"text-editor.default\">\n\t\t\t\t<div class=\"elementor-widget-container\">\n\t\t\t\t\t\t\t<div class=\"elementor-text-editor elementor-clearfix\"><p>Fabrikam\u0131zda \u00fcretti\u011fimiz Aspirat\u00f6r ve Davlumbazlar\u0131n yan\u0131 s\u0131ra, pazarlama firmam\u0131z olan <strong>PROFF<\/strong> ile\u00a0de Ankastre F\u0131r\u0131nlar, Ocaklar, \u00c7ama\u015f\u0131r Makineleri, Bula\u015f\u0131k Makineleri, Buzdolaplar\u0131, Evyeler ve Musluklar gibi kusursuz tasar\u0131ml\u0131 y\u00fcksek kaliteli \u00fcr\u00fcnlerde bir\u00e7ok markan\u0131n stratejik \u00e7\u00f6z\u00fcm ortakl\u0131\u011f\u0131n\u0131 yapmaktay\u0131z.<\/p><p>Daha kaliteli ve daha b\u00fcy\u00fck hacimlerde \u00fcretim yapabilmek i\u00e7in fabrikam\u0131z\u0131 ve \u00fcretim alanlar\u0131m\u0131z\u0131 geni\u015fletiyor ve daha modern makinelerle donat\u0131yoruz. \u0130stanbul-Had\u0131mk\u00f6y&#8217;de 20.000 m\u00b2 kapal\u0131 alanl\u0131 yeni \u00fcretim tesisimiz de in\u015faat halinde olup en yak\u0131n s\u00fcrede \u00fclkemiz sanayisine kazand\u0131r\u0131lacakt\u0131r.<\/p><p>Y\u0131ll\u0131k \u00fcretim kapasitemiz\u00a0<strong>550.000\u00a0adetin<\/strong> \u00fczerindedir.<\/p><p>Hem\u00a0<strong>OEM &amp; ODM<\/strong> \u00fcretim konusunda uzman olan H\u0130BSAN, d\u00fcnya \u00e7ap\u0131nda tan\u0131nm\u0131\u015f markalar\u0131n da <br \/>1 numaral\u0131 tedarik\u00e7isi konumundad\u0131r.<\/p><p>Yelpazemizde y\u00fczlerce farkl\u0131 model ve kombinasyon ile bir\u00e7ok \u00fcretim se\u00e7ene\u011fimiz bulunmaktad\u0131r. <br \/><strong>CE, CB, LVD, EMC, Rohs, ISO 9001<\/strong> gibi\u00a0uluslararas\u0131 standartlara uygun sertifikalara\u00a0g\u00f6re \u00fcretim yapmaktay\u0131z.<\/p><p>M\u00fc\u015fterilerimizin g\u00f6r\u00fc\u015flerine de\u011fer verir ve daha iyi hizmet kalitesi sunmak i\u00e7in onlar\u0131 dikkate al\u0131r\u0131z. <strong>Avrupa ana pazar\u0131m\u0131z olmak \u00fczere, G\u00fcney Amerika, Ortado\u011fu, Afrika ve BDT \u00fclkelerinde 300\u2019den fazla markaya<\/strong> \u00fcretim yapan H\u0130BSAN, i\u015f \u00e7evresini her sene ba\u015far\u0131yla b\u00fcy\u00fctmektedir.<\/p><\/div>\n\t\t\t\t\t\t<\/div>\n\t\t\t\t<\/div>\n\t\t\t\t\t<\/div>\n\t\t<\/div>\n\t\t\t\t\t<\/div>\n\t\t<\/section>\n\t\t\t\t<section class=\"elementor-section elementor-top-section elementor-element elementor-element-a995d79 elementor-section-boxed elementor-section-height-default elementor-section-height-default\" data-id=\"a995d79\" data-element_type=\"section\" data-e-type=\"section\">\n\t\t\t\t\t\t<div class=\"elementor-container elementor-column-gap-default\">\n\t\t\t\t\t<div class=\"elementor-column elementor-col-100 elementor-top-column elementor-element elementor-element-59670fd\" data-id=\"59670fd\" data-element_type=\"column\" data-e-type=\"column\">\n\t\t\t<div class=\"elementor-widget-wrap elementor-element-populated\">\n\t\t\t\t\t\t<div class=\"elementor-element elementor-element-8802a08 elementor-widget elementor-widget-spacer\" data-id=\"8802a08\" data-element_type=\"widget\" data-e-type=\"widget\" data-widget_type=\"spacer.default\">\n\t\t\t\t<div class=\"elementor-widget-container\">\n\t\t\t\t\t\t\t<div class=\"elementor-spacer\">\n\t\t\t<div class=\"elementor-spacer-inner\"><\/div>\n\t\t<\/div>\n\t\t\t\t\t\t<\/div>\n\t\t\t\t<\/div>\n\t\t\t\t\t<\/div>\n\t\t<\/div>\n\t\t\t\t\t<\/div>\n\t\t<\/section>\n\t\t\t\t<\/div>\n\t\t","protected":false},"excerpt":{"rendered":"<p>1981 y\u0131l\u0131nda T\u00fcrkiye\u2019nin ilk davlumbaz fabrikas\u0131 olarak kurulan H\u0130BSAN, 40 y\u0131l\u0131 a\u015fk\u0131n s\u00fcredir D\u00fcnya pazar\u0131nda etkin bir \u00fcretici konumundad\u0131r. Ba\u015fta Avrupa olmak \u00fczere d\u00fcnyan\u0131n en iyi beyaz e\u015fya markalar\u0131 i\u00e7in stratejik bir \u00fcretici olan H\u0130BSAN, t\u00fcm d\u00fcnyada 95\u2019ten fazla \u00fclkeye ihracat ger\u00e7ekle\u015ftirmektedir. Fabrikam\u0131zda \u00fcretti\u011fimiz Aspirat\u00f6r ve Davlumbazlar\u0131n yan\u0131 s\u0131ra, pazarlama firmam\u0131z olan PROFF ile\u00a0de Ankastre &hellip; <\/p>\n<p class=\"link-more\"><a href=\"https:\/\/www.hibsan.com.tr\/tr\/kurumsal\/\" class=\"more-link\">Read More <span class=\"screen-reader-text\"> &#8220;Kurumsal&#8221;<\/span><\/a><\/p>\n","protected":false},"author":1,"featured_media":0,"parent":0,"menu_order":0,"comment_status":"closed","ping_status":"closed","template":"","meta":{"footnotes":""},"class_list":["post-5724","page","type-page","status-publish","hentry"],"yoast_head":"<!-- This site is optimized with the Yoast SEO plugin v27.3 - https:\/\/yoast.com\/product\/yoast-seo-wordpress\/ -->\n<title>Kurumsal - Hibsan<\/title>\n<meta name=\"robots\" content=\"index, follow, max-snippet:-1, max-image-preview:large, max-video-preview:-1\" \/>\n<link rel=\"canonical\" href=\"https:\/\/www.hibsan.com.tr\/corporate\/\" \/>\n<meta property=\"og:locale\" content=\"tr_TR\" \/>\n<meta property=\"og:type\" content=\"article\" \/>\n<meta property=\"og:title\" content=\"Kurumsal - Hibsan\" \/>\n<meta property=\"og:description\" content=\"1981 y\u0131l\u0131nda T\u00fcrkiye\u2019nin ilk davlumbaz fabrikas\u0131 olarak kurulan H\u0130BSAN, 40 y\u0131l\u0131 a\u015fk\u0131n s\u00fcredir D\u00fcnya pazar\u0131nda etkin bir \u00fcretici konumundad\u0131r. Ba\u015fta Avrupa olmak \u00fczere d\u00fcnyan\u0131n en iyi beyaz e\u015fya markalar\u0131 i\u00e7in stratejik bir \u00fcretici olan H\u0130BSAN, t\u00fcm d\u00fcnyada 95\u2019ten fazla \u00fclkeye ihracat ger\u00e7ekle\u015ftirmektedir. Fabrikam\u0131zda \u00fcretti\u011fimiz Aspirat\u00f6r ve Davlumbazlar\u0131n yan\u0131 s\u0131ra, pazarlama firmam\u0131z olan PROFF ile\u00a0de Ankastre &hellip; Read More &quot;Kurumsal&quot;\" \/>\n<meta property=\"og:url\" content=\"https:\/\/www.hibsan.com.tr\/corporate\/\" \/>\n<meta property=\"og:site_name\" content=\"Hibsan\" \/>\n<meta property=\"article:modified_time\" content=\"2024-10-30T09:24:54+00:00\" \/>\n<meta property=\"og:image\" content=\"https:\/\/www.hibsan.com.tr\/wp-content\/uploads\/2024\/10\/banner2.jpg\" \/>\n\t<meta property=\"og:image:width\" content=\"2500\" \/>\n\t<meta property=\"og:image:height\" content=\"1134\" \/>\n\t<meta property=\"og:image:type\" content=\"image\/jpeg\" \/>\n<meta name=\"twitter:card\" content=\"summary_large_image\" \/>\n<meta name=\"twitter:label1\" content=\"Tahmini okuma s\u00fcresi\" \/>\n\t<meta name=\"twitter:data1\" content=\"2 dakika\" \/>\n<script type=\"application\/ld+json\" class=\"yoast-schema-graph\">{\"@context\":\"https:\\\/\\\/schema.org\",\"@graph\":[{\"@type\":\"WebPage\",\"@id\":\"https:\\\/\\\/www.hibsan.com.tr\\\/corporate\\\/\",\"url\":\"https:\\\/\\\/www.hibsan.com.tr\\\/corporate\\\/\",\"name\":\"Kurumsal - Hibsan\",\"isPartOf\":{\"@id\":\"https:\\\/\\\/www.hibsan.com.tr\\\/#website\"},\"primaryImageOfPage\":{\"@id\":\"https:\\\/\\\/www.hibsan.com.tr\\\/corporate\\\/#primaryimage\"},\"image\":{\"@id\":\"https:\\\/\\\/www.hibsan.com.tr\\\/corporate\\\/#primaryimage\"},\"thumbnailUrl\":\"https:\\\/\\\/www.hibsan.com.tr\\\/wp-content\\\/uploads\\\/2024\\\/10\\\/banner2.jpg\",\"datePublished\":\"2022-09-12T10:37:36+00:00\",\"dateModified\":\"2024-10-30T09:24:54+00:00\",\"breadcrumb\":{\"@id\":\"https:\\\/\\\/www.hibsan.com.tr\\\/corporate\\\/#breadcrumb\"},\"inLanguage\":\"tr\",\"potentialAction\":[{\"@type\":\"ReadAction\",\"target\":[\"https:\\\/\\\/www.hibsan.com.tr\\\/corporate\\\/\"]}]},{\"@type\":\"ImageObject\",\"inLanguage\":\"tr\",\"@id\":\"https:\\\/\\\/www.hibsan.com.tr\\\/corporate\\\/#primaryimage\",\"url\":\"https:\\\/\\\/www.hibsan.com.tr\\\/wp-content\\\/uploads\\\/2024\\\/10\\\/banner2.jpg\",\"contentUrl\":\"https:\\\/\\\/www.hibsan.com.tr\\\/wp-content\\\/uploads\\\/2024\\\/10\\\/banner2.jpg\"},{\"@type\":\"BreadcrumbList\",\"@id\":\"https:\\\/\\\/www.hibsan.com.tr\\\/corporate\\\/#breadcrumb\",\"itemListElement\":[{\"@type\":\"ListItem\",\"position\":1,\"name\":\"Home\",\"item\":\"https:\\\/\\\/www.hibsan.com.tr\\\/tr\\\/\"},{\"@type\":\"ListItem\",\"position\":2,\"name\":\"Kurumsal\"}]},{\"@type\":\"WebSite\",\"@id\":\"https:\\\/\\\/www.hibsan.com.tr\\\/#website\",\"url\":\"https:\\\/\\\/www.hibsan.com.tr\\\/\",\"name\":\"Hibsan\",\"description\":\"producing for World&#039;s top brands.\",\"publisher\":{\"@id\":\"https:\\\/\\\/www.hibsan.com.tr\\\/#organization\"},\"potentialAction\":[{\"@type\":\"SearchAction\",\"target\":{\"@type\":\"EntryPoint\",\"urlTemplate\":\"https:\\\/\\\/www.hibsan.com.tr\\\/?s={search_term_string}\"},\"query-input\":{\"@type\":\"PropertyValueSpecification\",\"valueRequired\":true,\"valueName\":\"search_term_string\"}}],\"inLanguage\":\"tr\"},{\"@type\":\"Organization\",\"@id\":\"https:\\\/\\\/www.hibsan.com.tr\\\/#organization\",\"name\":\"Hibsan\",\"url\":\"https:\\\/\\\/www.hibsan.com.tr\\\/\",\"logo\":{\"@type\":\"ImageObject\",\"inLanguage\":\"tr\",\"@id\":\"https:\\\/\\\/www.hibsan.com.tr\\\/#\\\/schema\\\/logo\\\/image\\\/\",\"url\":\"https:\\\/\\\/www.hibsan.com.tr\\\/wp-content\\\/uploads\\\/2022\\\/09\\\/logo.svg\",\"contentUrl\":\"https:\\\/\\\/www.hibsan.com.tr\\\/wp-content\\\/uploads\\\/2022\\\/09\\\/logo.svg\",\"width\":363,\"height\":107,\"caption\":\"Hibsan\"},\"image\":{\"@id\":\"https:\\\/\\\/www.hibsan.com.tr\\\/#\\\/schema\\\/logo\\\/image\\\/\"}}]}<\/script>\n<!-- \/ Yoast SEO plugin. -->","yoast_head_json":{"title":"Kurumsal - Hibsan","robots":{"index":"index","follow":"follow","max-snippet":"max-snippet:-1","max-image-preview":"max-image-preview:large","max-video-preview":"max-video-preview:-1"},"canonical":"https:\/\/www.hibsan.com.tr\/corporate\/","og_locale":"tr_TR","og_type":"article","og_title":"Kurumsal - Hibsan","og_description":"1981 y\u0131l\u0131nda T\u00fcrkiye\u2019nin ilk davlumbaz fabrikas\u0131 olarak kurulan H\u0130BSAN, 40 y\u0131l\u0131 a\u015fk\u0131n s\u00fcredir D\u00fcnya pazar\u0131nda etkin bir \u00fcretici konumundad\u0131r. Ba\u015fta Avrupa olmak \u00fczere d\u00fcnyan\u0131n en iyi beyaz e\u015fya markalar\u0131 i\u00e7in stratejik bir \u00fcretici olan H\u0130BSAN, t\u00fcm d\u00fcnyada 95\u2019ten fazla \u00fclkeye ihracat ger\u00e7ekle\u015ftirmektedir. Fabrikam\u0131zda \u00fcretti\u011fimiz Aspirat\u00f6r ve Davlumbazlar\u0131n yan\u0131 s\u0131ra, pazarlama firmam\u0131z olan PROFF ile\u00a0de Ankastre &hellip; Read More \"Kurumsal\"","og_url":"https:\/\/www.hibsan.com.tr\/corporate\/","og_site_name":"Hibsan","article_modified_time":"2024-10-30T09:24:54+00:00","og_image":[{"width":2500,"height":1134,"url":"https:\/\/www.hibsan.com.tr\/wp-content\/uploads\/2024\/10\/banner2.jpg","type":"image\/jpeg"}],"twitter_card":"summary_large_image","twitter_misc":{"Tahmini okuma s\u00fcresi":"2 dakika"},"schema":{"@context":"https:\/\/schema.org","@graph":[{"@type":"WebPage","@id":"https:\/\/www.hibsan.com.tr\/corporate\/","url":"https:\/\/www.hibsan.com.tr\/corporate\/","name":"Kurumsal - Hibsan","isPartOf":{"@id":"https:\/\/www.hibsan.com.tr\/#website"},"primaryImageOfPage":{"@id":"https:\/\/www.hibsan.com.tr\/corporate\/#primaryimage"},"image":{"@id":"https:\/\/www.hibsan.com.tr\/corporate\/#primaryimage"},"thumbnailUrl":"https:\/\/www.hibsan.com.tr\/wp-content\/uploads\/2024\/10\/banner2.jpg","datePublished":"2022-09-12T10:37:36+00:00","dateModified":"2024-10-30T09:24:54+00:00","breadcrumb":{"@id":"https:\/\/www.hibsan.com.tr\/corporate\/#breadcrumb"},"inLanguage":"tr","potentialAction":[{"@type":"ReadAction","target":["https:\/\/www.hibsan.com.tr\/corporate\/"]}]},{"@type":"ImageObject","inLanguage":"tr","@id":"https:\/\/www.hibsan.com.tr\/corporate\/#primaryimage","url":"https:\/\/www.hibsan.com.tr\/wp-content\/uploads\/2024\/10\/banner2.jpg","contentUrl":"https:\/\/www.hibsan.com.tr\/wp-content\/uploads\/2024\/10\/banner2.jpg"},{"@type":"BreadcrumbList","@id":"https:\/\/www.hibsan.com.tr\/corporate\/#breadcrumb","itemListElement":[{"@type":"ListItem","position":1,"name":"Home","item":"https:\/\/www.hibsan.com.tr\/tr\/"},{"@type":"ListItem","position":2,"name":"Kurumsal"}]},{"@type":"WebSite","@id":"https:\/\/www.hibsan.com.tr\/#website","url":"https:\/\/www.hibsan.com.tr\/","name":"Hibsan","description":"producing for World&#039;s top brands.","publisher":{"@id":"https:\/\/www.hibsan.com.tr\/#organization"},"potentialAction":[{"@type":"SearchAction","target":{"@type":"EntryPoint","urlTemplate":"https:\/\/www.hibsan.com.tr\/?s={search_term_string}"},"query-input":{"@type":"PropertyValueSpecification","valueRequired":true,"valueName":"search_term_string"}}],"inLanguage":"tr"},{"@type":"Organization","@id":"https:\/\/www.hibsan.com.tr\/#organization","name":"Hibsan","url":"https:\/\/www.hibsan.com.tr\/","logo":{"@type":"ImageObject","inLanguage":"tr","@id":"https:\/\/www.hibsan.com.tr\/#\/schema\/logo\/image\/","url":"https:\/\/www.hibsan.com.tr\/wp-content\/uploads\/2022\/09\/logo.svg","contentUrl":"https:\/\/www.hibsan.com.tr\/wp-content\/uploads\/2022\/09\/logo.svg","width":363,"height":107,"caption":"Hibsan"},"image":{"@id":"https:\/\/www.hibsan.com.tr\/#\/schema\/logo\/image\/"}}]}},"_links":{"self":[{"href":"https:\/\/www.hibsan.com.tr\/tr\/wp-json\/wp\/v2\/pages\/5724","targetHints":{"allow":["GET"]}}],"collection":[{"href":"https:\/\/www.hibsan.com.tr\/tr\/wp-json\/wp\/v2\/pages"}],"about":[{"href":"https:\/\/www.hibsan.com.tr\/tr\/wp-json\/wp\/v2\/types\/page"}],"author":[{"embeddable":true,"href":"https:\/\/www.hibsan.com.tr\/tr\/wp-json\/wp\/v2\/users\/1"}],"replies":[{"embeddable":true,"href":"https:\/\/www.hibsan.com.tr\/tr\/wp-json\/wp\/v2\/comments?post=5724"}],"version-history":[{"count":33,"href":"https:\/\/www.hibsan.com.tr\/tr\/wp-json\/wp\/v2\/pages\/5724\/revisions"}],"predecessor-version":[{"id":7944,"href":"https:\/\/www.hibsan.com.tr\/tr\/wp-json\/wp\/v2\/pages\/5724\/revisions\/7944"}],"wp:attachment":[{"href":"https:\/\/www.hibsan.com.tr\/tr\/wp-json\/wp\/v2\/media?parent=5724"}],"curies":[{"name":"wp","href":"https:\/\/api.w.org\/{rel}","templated":true}]}}